{"id":12954,"date":"2020-08-27T08:23:10","date_gmt":"2020-08-27T08:23:10","guid":{"rendered":"https:\/\/banad.brussels\/?page_id=12954"},"modified":"2025-12-23T09:37:47","modified_gmt":"2025-12-23T08:37:47","slug":"respect-for-privacy","status":"publish","type":"page","link":"https:\/\/www.banad.brussels\/en\/respect-vie-privee\/","title":{"rendered":"Respect for Privacy"},"content":{"rendered":"<div data-elementor-type=\"wp-page\" data-elementor-id=\"12954\" class=\"elementor elementor-12954\" data-elementor-post-type=\"page\">\n\t\t\t\t\t\t<section class=\"elementor-section elementor-top-section elementor-element elementor-element-be4773f elementor-section-boxed elementor-section-height-default elementor-section-height-default sc_fly_static\" data-id=\"be4773f\" data-element_type=\"section\" data-e-type=\"section\" data-settings=\"{&quot;background_background&quot;:&quot;classic&quot;}\">\n\t\t\t\t\t\t<div class=\"elementor-container elementor-column-gap-extended\">\n\t\t\t\t\t<div class=\"elementor-column elementor-col-100 elementor-top-column elementor-element elementor-element-f6a4959 sc_content_align_inherit sc_layouts_column_icons_position_left sc_fly_static\" data-id=\"f6a4959\" data-element_type=\"column\" data-e-type=\"column\">\n\t\t\t<div class=\"elementor-widget-wrap elementor-element-populated\">\n\t\t\t\t\t\t<div class=\"elementor-element elementor-element-623d885 sc_fly_static elementor-widget elementor-widget-text-editor\" data-id=\"623d885\" data-element_type=\"widget\" data-e-type=\"widget\" data-widget_type=\"text-editor.default\">\n\t\t\t\t<div class=\"elementor-widget-container\">\n\t\t\t\t\t\t\t\t\t<h5>Explore.Brussels guarantees<\/h5><p>We treat your data confidentially and in accordance with national and international provisions, including the Belgian law of 8 December 1992 on the protection of privacy with regard to the processing of personal data, as amended by the law of 11 December 1998.<\/p>\t\t\t\t\t\t\t\t<\/div>\n\t\t\t\t<\/div>\n\t\t\t\t\t<\/div>\n\t\t<\/div>\n\t\t\t\t\t<\/div>\n\t\t<\/section>\n\t\t\t\t<section class=\"elementor-section elementor-top-section elementor-element elementor-element-5702af9 elementor-section-boxed elementor-section-height-default elementor-section-height-default sc_fly_static\" data-id=\"5702af9\" data-element_type=\"section\" data-e-type=\"section\">\n\t\t\t\t\t\t<div class=\"elementor-container elementor-column-gap-extended\">\n\t\t\t\t\t<div class=\"elementor-column elementor-col-100 elementor-top-column elementor-element elementor-element-c590843 sc_content_align_inherit sc_layouts_column_icons_position_left sc_fly_static\" data-id=\"c590843\" data-element_type=\"column\" data-e-type=\"column\">\n\t\t\t<div class=\"elementor-widget-wrap elementor-element-populated\">\n\t\t\t\t\t\t<div class=\"elementor-element elementor-element-50cc2f8 sc_fly_static elementor-widget elementor-widget-spacer\" data-id=\"50cc2f8\" data-element_type=\"widget\" data-e-type=\"widget\" data-widget_type=\"spacer.default\">\n\t\t\t\t<div class=\"elementor-widget-container\">\n\t\t\t\t\t\t\t<div class=\"elementor-spacer\">\n\t\t\t<div class=\"elementor-spacer-inner\"><\/div>\n\t\t<\/div>\n\t\t\t\t\t\t<\/div>\n\t\t\t\t<\/div>\n\t\t\t\t\t<\/div>\n\t\t<\/div>\n\t\t\t\t\t<\/div>\n\t\t<\/section>\n\t\t\t\t<section class=\"elementor-section elementor-top-section elementor-element elementor-element-7b70285 elementor-section-boxed elementor-section-height-default elementor-section-height-default sc_fly_static\" data-id=\"7b70285\" data-element_type=\"section\" data-e-type=\"section\" data-settings=\"{&quot;background_background&quot;:&quot;classic&quot;}\">\n\t\t\t\t\t\t<div class=\"elementor-container elementor-column-gap-extended\">\n\t\t\t\t\t<div class=\"elementor-column elementor-col-100 elementor-top-column elementor-element elementor-element-93a995a sc_content_align_inherit sc_layouts_column_icons_position_left sc_fly_static\" data-id=\"93a995a\" data-element_type=\"column\" data-e-type=\"column\">\n\t\t\t<div class=\"elementor-widget-wrap elementor-element-populated\">\n\t\t\t\t\t\t<div class=\"elementor-element elementor-element-28cd258 sc_fly_static elementor-widget elementor-widget-text-editor\" data-id=\"28cd258\" data-element_type=\"widget\" data-e-type=\"widget\" data-widget_type=\"text-editor.default\">\n\t\t\t\t<div class=\"elementor-widget-container\">\n\t\t\t\t\t\t\t\t\t<h5>Purpose of processing your personal data<\/h5><p>By providing us with your personal data, you give us your express permission to process this information for the purposes set out below.<\/p><p>Your details are included in Explore.Brussels' files and we process them with a view to managing our customers, publications and services offered, improving the quality of our services and informing you of our new services and products.<\/p><p>You may object to the processing of your personal data at any time and without giving any reason.<\/p>\t\t\t\t\t\t\t\t<\/div>\n\t\t\t\t<\/div>\n\t\t\t\t\t<\/div>\n\t\t<\/div>\n\t\t\t\t\t<\/div>\n\t\t<\/section>\n\t\t\t\t<section class=\"elementor-section elementor-top-section elementor-element elementor-element-4a50fd6 elementor-section-boxed elementor-section-height-default elementor-section-height-default sc_fly_static\" data-id=\"4a50fd6\" data-element_type=\"section\" data-e-type=\"section\">\n\t\t\t\t\t\t<div class=\"elementor-container elementor-column-gap-extended\">\n\t\t\t\t\t<div class=\"elementor-column elementor-col-100 elementor-top-column elementor-element elementor-element-afd50d6 sc_content_align_inherit sc_layouts_column_icons_position_left sc_fly_static\" data-id=\"afd50d6\" data-element_type=\"column\" data-e-type=\"column\">\n\t\t\t<div class=\"elementor-widget-wrap elementor-element-populated\">\n\t\t\t\t\t\t<div class=\"elementor-element elementor-element-e67d1a0 sc_fly_static elementor-widget elementor-widget-spacer\" data-id=\"e67d1a0\" data-element_type=\"widget\" data-e-type=\"widget\" data-widget_type=\"spacer.default\">\n\t\t\t\t<div class=\"elementor-widget-container\">\n\t\t\t\t\t\t\t<div class=\"elementor-spacer\">\n\t\t\t<div class=\"elementor-spacer-inner\"><\/div>\n\t\t<\/div>\n\t\t\t\t\t\t<\/div>\n\t\t\t\t<\/div>\n\t\t\t\t\t<\/div>\n\t\t<\/div>\n\t\t\t\t\t<\/div>\n\t\t<\/section>\n\t\t\t\t<section class=\"elementor-section elementor-top-section elementor-element elementor-element-10c0dad elementor-section-boxed elementor-section-height-default elementor-section-height-default sc_fly_static\" data-id=\"10c0dad\" data-element_type=\"section\" data-e-type=\"section\" data-settings=\"{&quot;background_background&quot;:&quot;classic&quot;}\">\n\t\t\t\t\t\t<div class=\"elementor-container elementor-column-gap-extended\">\n\t\t\t\t\t<div class=\"elementor-column elementor-col-100 elementor-top-column elementor-element elementor-element-45f46de sc_content_align_inherit sc_layouts_column_icons_position_left sc_fly_static\" data-id=\"45f46de\" data-element_type=\"column\" data-e-type=\"column\">\n\t\t\t<div class=\"elementor-widget-wrap elementor-element-populated\">\n\t\t\t\t\t\t<div class=\"elementor-element elementor-element-d437eba sc_fly_static elementor-widget elementor-widget-text-editor\" data-id=\"d437eba\" data-element_type=\"widget\" data-e-type=\"widget\" data-widget_type=\"text-editor.default\">\n\t\t\t\t<div class=\"elementor-widget-container\">\n\t\t\t\t\t\t\t\t\t<h5>Cookies<\/h5><p>We use cookies to provide you with a better service.<\/p><p>A cookie is a small file saved by a website on your computer: this cookie can be retrieved during a subsequent visit to the same site.<\/p><p>The cookie cannot be read by a website other than the one that created it.<\/p><p>We use cookies for administrative purposes, for example to record your preferences for certain types of information or your access code, so that you do not have to repeat the same keystrokes each time you visit our site.<\/p><p>Most cookies only work for the duration of a single session or visit.<\/p><p>None of them contain information that would make it possible to contact you by telephone, e-mail or post.<\/p><p>You can also configure your browser to inform you each time a cookie is created or to prevent cookies from being created (certain services requiring cookies will then no longer be available).<\/p>\t\t\t\t\t\t\t\t<\/div>\n\t\t\t\t<\/div>\n\t\t\t\t\t<\/div>\n\t\t<\/div>\n\t\t\t\t\t<\/div>\n\t\t<\/section>\n\t\t\t\t<section class=\"elementor-section elementor-top-section elementor-element elementor-element-625cf45 elementor-section-boxed elementor-section-height-default elementor-section-height-default sc_fly_static\" data-id=\"625cf45\" data-element_type=\"section\" data-e-type=\"section\">\n\t\t\t\t\t\t<div class=\"elementor-container elementor-column-gap-extended\">\n\t\t\t\t\t<div class=\"elementor-column elementor-col-100 elementor-top-column elementor-element elementor-element-a66d5aa sc_content_align_inherit sc_layouts_column_icons_position_left sc_fly_static\" data-id=\"a66d5aa\" data-element_type=\"column\" data-e-type=\"column\">\n\t\t\t<div class=\"elementor-widget-wrap elementor-element-populated\">\n\t\t\t\t\t\t<div class=\"elementor-element elementor-element-c92d861 sc_fly_static elementor-widget elementor-widget-spacer\" data-id=\"c92d861\" data-element_type=\"widget\" data-e-type=\"widget\" data-widget_type=\"spacer.default\">\n\t\t\t\t<div class=\"elementor-widget-container\">\n\t\t\t\t\t\t\t<div class=\"elementor-spacer\">\n\t\t\t<div class=\"elementor-spacer-inner\"><\/div>\n\t\t<\/div>\n\t\t\t\t\t\t<\/div>\n\t\t\t\t<\/div>\n\t\t\t\t\t<\/div>\n\t\t<\/div>\n\t\t\t\t\t<\/div>\n\t\t<\/section>\n\t\t\t\t<section class=\"elementor-section elementor-top-section elementor-element elementor-element-a692c6b elementor-section-boxed elementor-section-height-default elementor-section-height-default sc_fly_static\" data-id=\"a692c6b\" data-element_type=\"section\" data-e-type=\"section\" data-settings=\"{&quot;background_background&quot;:&quot;classic&quot;}\">\n\t\t\t\t\t\t<div class=\"elementor-container elementor-column-gap-extended\">\n\t\t\t\t\t<div class=\"elementor-column elementor-col-100 elementor-top-column elementor-element elementor-element-b5dfba9 sc_content_align_inherit sc_layouts_column_icons_position_left sc_fly_static\" data-id=\"b5dfba9\" data-element_type=\"column\" data-e-type=\"column\">\n\t\t\t<div class=\"elementor-widget-wrap elementor-element-populated\">\n\t\t\t\t\t\t<div class=\"elementor-element elementor-element-a761436 sc_fly_static elementor-widget elementor-widget-text-editor\" data-id=\"a761436\" data-element_type=\"widget\" data-e-type=\"widget\" data-widget_type=\"text-editor.default\">\n\t\t\t\t<div class=\"elementor-widget-container\">\n\t\t\t\t\t\t\t\t\t<h5>Publication and disclosure of your personal data<\/h5><p>Explore.Brussels may be required to disclose your personal data at the request of a legal authority or in good faith on the basis that such action is required to comply with any applicable law or regulation.<\/p><p>This would also be the case in the event of legal proceedings brought against Explore.Brussels and\/or the website to protect or defend the rights or property of Explore.Brussels, the website or Explore Brussels users.<\/p><p>Explore.Brussels may need to disclose this data to intervene, in extreme circumstances, in order to protect the personal safety of Explore.Brussels users, the website or the public.<\/p>\t\t\t\t\t\t\t\t<\/div>\n\t\t\t\t<\/div>\n\t\t\t\t\t<\/div>\n\t\t<\/div>\n\t\t\t\t\t<\/div>\n\t\t<\/section>\n\t\t\t\t<section class=\"elementor-section elementor-top-section elementor-element elementor-element-517eef5 elementor-section-boxed elementor-section-height-default elementor-section-height-default sc_fly_static\" data-id=\"517eef5\" data-element_type=\"section\" data-e-type=\"section\">\n\t\t\t\t\t\t<div class=\"elementor-container elementor-column-gap-extended\">\n\t\t\t\t\t<div class=\"elementor-column elementor-col-100 elementor-top-column elementor-element elementor-element-d60bde6 sc_content_align_inherit sc_layouts_column_icons_position_left sc_fly_static\" data-id=\"d60bde6\" data-element_type=\"column\" data-e-type=\"column\">\n\t\t\t<div class=\"elementor-widget-wrap elementor-element-populated\">\n\t\t\t\t\t\t<div class=\"elementor-element elementor-element-824fac0 sc_fly_static elementor-widget elementor-widget-spacer\" data-id=\"824fac0\" data-element_type=\"widget\" data-e-type=\"widget\" data-widget_type=\"spacer.default\">\n\t\t\t\t<div class=\"elementor-widget-container\">\n\t\t\t\t\t\t\t<div class=\"elementor-spacer\">\n\t\t\t<div class=\"elementor-spacer-inner\"><\/div>\n\t\t<\/div>\n\t\t\t\t\t\t<\/div>\n\t\t\t\t<\/div>\n\t\t\t\t\t<\/div>\n\t\t<\/div>\n\t\t\t\t\t<\/div>\n\t\t<\/section>\n\t\t\t\t<section class=\"elementor-section elementor-top-section elementor-element elementor-element-dc2c79f elementor-section-boxed elementor-section-height-default elementor-section-height-default sc_fly_static\" data-id=\"dc2c79f\" data-element_type=\"section\" data-e-type=\"section\" data-settings=\"{&quot;background_background&quot;:&quot;classic&quot;}\">\n\t\t\t\t\t\t<div class=\"elementor-container elementor-column-gap-extended\">\n\t\t\t\t\t<div class=\"elementor-column elementor-col-100 elementor-top-column elementor-element elementor-element-7190f9e sc_content_align_inherit sc_layouts_column_icons_position_left sc_fly_static\" data-id=\"7190f9e\" data-element_type=\"column\" data-e-type=\"column\">\n\t\t\t<div class=\"elementor-widget-wrap elementor-element-populated\">\n\t\t\t\t\t\t<div class=\"elementor-element elementor-element-2f5a750 sc_fly_static elementor-widget elementor-widget-text-editor\" data-id=\"2f5a750\" data-element_type=\"widget\" data-e-type=\"widget\" data-widget_type=\"text-editor.default\">\n\t\t\t\t<div class=\"elementor-widget-container\">\n\t\t\t\t\t\t\t\t\t<h5>Your rights in relation to your personal data<\/h5><p>Your right to information<\/p><ul><li>The party responsible for processing your personal data is ASBL Explore Brussels, whose registered office is at rue des Li\u00e9geois 53, 1050 Ixelles, Belgium.<\/li><li>If you have any questions about the registration and processing of your data, please contact us at this address.<\/li><li>For more general information, you can always contact the Data Protection Authority at the House of Representatives: <a href=\"http:\/\/www.autoriteprotectiondonnees.be\" target=\"_blank\" rel=\"noopener\">www.autoriteprotectiondonnees.be<\/a><\/li><\/ul><p>Your right of access, opposition and rectification<\/p><ul><li>By means of a written, dated and signed request sent to Explore.Brussels together with a copy of both sides of your identity card, you may obtain, free of charge, written communication of your personal data and, where appropriate, rectification of any data that is inaccurate, incomplete or irrelevant.<\/li><li>A copy of your data will be sent to you no later than 15 days after receipt of your request.<\/li><\/ul>\t\t\t\t\t\t\t\t<\/div>\n\t\t\t\t<\/div>\n\t\t\t\t\t<\/div>\n\t\t<\/div>\n\t\t\t\t\t<\/div>\n\t\t<\/section>\n\t\t\t\t<section class=\"elementor-section elementor-top-section elementor-element elementor-element-6558e2e elementor-section-boxed elementor-section-height-default elementor-section-height-default sc_fly_static\" data-id=\"6558e2e\" data-element_type=\"section\" data-e-type=\"section\">\n\t\t\t\t\t\t<div class=\"elementor-container elementor-column-gap-extended\">\n\t\t\t\t\t<div class=\"elementor-column elementor-col-100 elementor-top-column elementor-element elementor-element-76e7959 sc_content_align_inherit sc_layouts_column_icons_position_left sc_fly_static\" data-id=\"76e7959\" data-element_type=\"column\" data-e-type=\"column\">\n\t\t\t<div class=\"elementor-widget-wrap elementor-element-populated\">\n\t\t\t\t\t\t<div class=\"elementor-element elementor-element-02de782 sc_fly_static elementor-widget elementor-widget-spacer\" data-id=\"02de782\" data-element_type=\"widget\" data-e-type=\"widget\" data-widget_type=\"spacer.default\">\n\t\t\t\t<div class=\"elementor-widget-container\">\n\t\t\t\t\t\t\t<div class=\"elementor-spacer\">\n\t\t\t<div class=\"elementor-spacer-inner\"><\/div>\n\t\t<\/div>\n\t\t\t\t\t\t<\/div>\n\t\t\t\t<\/div>\n\t\t\t\t\t<\/div>\n\t\t<\/div>\n\t\t\t\t\t<\/div>\n\t\t<\/section>\n\t\t\t\t<section class=\"elementor-section elementor-top-section elementor-element elementor-element-2c8d6bc elementor-section-boxed elementor-section-height-default elementor-section-height-default sc_fly_static\" data-id=\"2c8d6bc\" data-element_type=\"section\" data-e-type=\"section\" data-settings=\"{&quot;background_background&quot;:&quot;classic&quot;}\">\n\t\t\t\t\t\t<div class=\"elementor-container elementor-column-gap-extended\">\n\t\t\t\t\t<div class=\"elementor-column elementor-col-100 elementor-top-column elementor-element elementor-element-dc552c2 sc_content_align_inherit sc_layouts_column_icons_position_left sc_fly_static\" data-id=\"dc552c2\" data-element_type=\"column\" data-e-type=\"column\">\n\t\t\t<div class=\"elementor-widget-wrap elementor-element-populated\">\n\t\t\t\t\t\t<div class=\"elementor-element elementor-element-9b11aad sc_fly_static elementor-widget elementor-widget-text-editor\" data-id=\"9b11aad\" data-element_type=\"widget\" data-e-type=\"widget\" data-widget_type=\"text-editor.default\">\n\t\t\t\t<div class=\"elementor-widget-container\">\n\t\t\t\t\t\t\t\t\t<h5>Invasion of your privacy<\/h5><p>If, at any time, you feel that our site does not respect your privacy, please inform us by e-mail at the following address: <a href=\"mailto:info@explore.brussels\">info@explore.brussels<\/a>.<\/p><p>We will do our utmost to identify and correct the problem.<\/p>\t\t\t\t\t\t\t\t<\/div>\n\t\t\t\t<\/div>\n\t\t\t\t\t<\/div>\n\t\t<\/div>\n\t\t\t\t\t<\/div>\n\t\t<\/section>\n\t\t\t\t<section class=\"elementor-section elementor-top-section elementor-element elementor-element-82399dc elementor-section-boxed elementor-section-height-default elementor-section-height-default sc_fly_static\" data-id=\"82399dc\" data-element_type=\"section\" data-e-type=\"section\">\n\t\t\t\t\t\t<div class=\"elementor-container elementor-column-gap-extended\">\n\t\t\t\t\t<div class=\"elementor-column elementor-col-100 elementor-top-column elementor-element elementor-element-c7efc8c sc_content_align_inherit sc_layouts_column_icons_position_left sc_fly_static\" data-id=\"c7efc8c\" data-element_type=\"column\" data-e-type=\"column\">\n\t\t\t<div class=\"elementor-widget-wrap elementor-element-populated\">\n\t\t\t\t\t\t<div class=\"elementor-element elementor-element-381080f sc_fly_static elementor-widget elementor-widget-spacer\" data-id=\"381080f\" data-element_type=\"widget\" data-e-type=\"widget\" data-widget_type=\"spacer.default\">\n\t\t\t\t<div class=\"elementor-widget-container\">\n\t\t\t\t\t\t\t<div class=\"elementor-spacer\">\n\t\t\t<div class=\"elementor-spacer-inner\"><\/div>\n\t\t<\/div>\n\t\t\t\t\t\t<\/div>\n\t\t\t\t<\/div>\n\t\t\t\t\t<\/div>\n\t\t<\/div>\n\t\t\t\t\t<\/div>\n\t\t<\/section>\n\t\t\t\t<\/div>","protected":false},"excerpt":{"rendered":"<p>Les garanties d&#8217;Explore.Brussels Nous traitons vos donn\u00e9es de mani\u00e8re confidentielle et conform\u00e9ment aux dispositions nationales&hellip;<\/p>","protected":false},"author":1,"featured_media":0,"parent":0,"menu_order":0,"comment_status":"closed","ping_status":"closed","template":"","meta":{"_analytify_skip_tracking":false,"footnotes":""},"class_list":["post-12954","page","type-page","status-publish","hentry"],"_links":{"self":[{"href":"https:\/\/www.banad.brussels\/en\/wp-json\/wp\/v2\/pages\/12954","targetHints":{"allow":["GET"]}}],"collection":[{"href":"https:\/\/www.banad.brussels\/en\/wp-json\/wp\/v2\/pages"}],"about":[{"href":"https:\/\/www.banad.brussels\/en\/wp-json\/wp\/v2\/types\/page"}],"author":[{"embeddable":true,"href":"https:\/\/www.banad.brussels\/en\/wp-json\/wp\/v2\/users\/1"}],"replies":[{"embeddable":true,"href":"https:\/\/www.banad.brussels\/en\/wp-json\/wp\/v2\/comments?post=12954"}],"version-history":[{"count":17,"href":"https:\/\/www.banad.brussels\/en\/wp-json\/wp\/v2\/pages\/12954\/revisions"}],"predecessor-version":[{"id":71690,"href":"https:\/\/www.banad.brussels\/en\/wp-json\/wp\/v2\/pages\/12954\/revisions\/71690"}],"wp:attachment":[{"href":"https:\/\/www.banad.brussels\/en\/wp-json\/wp\/v2\/media?parent=12954"}],"curies":[{"name":"wp","href":"https:\/\/api.w.org\/{rel}","templated":true}]}}