{"id":63193,"date":"2025-09-01T14:12:35","date_gmt":"2025-09-01T12:12:35","guid":{"rendered":"https:\/\/banad.brussels\/?page_id=63193"},"modified":"2026-02-03T12:01:22","modified_gmt":"2026-02-03T11:01:22","slug":"explore-plus","status":"publish","type":"page","link":"https:\/\/www.banad.brussels\/en\/explore-plus\/","title":{"rendered":"Explore +"},"content":{"rendered":"<div data-elementor-type=\"wp-page\" data-elementor-id=\"63193\" class=\"elementor elementor-63193\" data-elementor-post-type=\"page\">\n\t\t\t\t<div class=\"elementor-element elementor-element-41d480b e-flex e-con-boxed sc_layouts_column_icons_position_left e-con e-parent\" data-id=\"41d480b\" data-element_type=\"container\" data-e-type=\"container\">\n\t\t\t\t\t<div class=\"e-con-inner\">\n\t\t\t\t<div class=\"elementor-element elementor-element-42c9ce0 sc_fly_static elementor-widget elementor-widget-image\" data-id=\"42c9ce0\" data-element_type=\"widget\" data-e-type=\"widget\" data-widget_type=\"image.default\">\n\t\t\t\t<div class=\"elementor-widget-container\">\n\t\t\t\t\t\t\t\t\t\t\t\t\t\t\t<img fetchpriority=\"high\" decoding=\"async\" width=\"1024\" height=\"162\" src=\"https:\/\/www.banad.brussels\/wp-content\/uploads\/2026\/01\/EXPLORE--1024x162.png\" class=\"attachment-large size-large wp-image-67916\" alt=\"ANTE Festival Brussels, arts, creativity, festival culture, entertainment, musical shows, exhibitions, conviviality.\" srcset=\"https:\/\/www.banad.brussels\/wp-content\/uploads\/2026\/01\/EXPLORE--1024x162.png 1024w, https:\/\/www.banad.brussels\/wp-content\/uploads\/2026\/01\/EXPLORE--300x47.png 300w, https:\/\/www.banad.brussels\/wp-content\/uploads\/2026\/01\/EXPLORE--768x122.png 768w, https:\/\/www.banad.brussels\/wp-content\/uploads\/2026\/01\/EXPLORE--1536x243.png 1536w, https:\/\/www.banad.brussels\/wp-content\/uploads\/2026\/01\/EXPLORE--2048x324.png 2048w, https:\/\/www.banad.brussels\/wp-content\/uploads\/2026\/01\/EXPLORE--18x3.png 18w, https:\/\/www.banad.brussels\/wp-content\/uploads\/2026\/01\/EXPLORE--370x59.png 370w, https:\/\/www.banad.brussels\/wp-content\/uploads\/2026\/01\/EXPLORE--840x133.png 840w, https:\/\/www.banad.brussels\/wp-content\/uploads\/2026\/01\/EXPLORE--410x65.png 410w\" sizes=\"(max-width: 1024px) 100vw, 1024px\" \/>\t\t\t\t\t\t\t\t\t\t\t\t\t\t\t<\/div>\n\t\t\t\t<\/div>\n\t\t\t\t\t<\/div>\n\t\t\t\t<\/div>\n\t\t<div class=\"elementor-element elementor-element-730a074 e-flex e-con-boxed sc_layouts_column_icons_position_left e-con e-parent\" data-id=\"730a074\" data-element_type=\"container\" data-e-type=\"container\">\n\t\t\t\t\t<div class=\"e-con-inner\">\n\t\t\t\t<div class=\"elementor-element elementor-element-596ff19 sc_fly_static elementor-widget elementor-widget-heading\" data-id=\"596ff19\" data-element_type=\"widget\" data-e-type=\"widget\" data-no-translation=\"\" data-widget_type=\"heading.default\">\n\t\t\t\t<div class=\"elementor-widget-container\">\n\t\t\t\t\t<h3 class=\"elementor-heading-title elementor-size-default\">Only in Dutch or French<\/h3>\t\t\t\t<\/div>\n\t\t\t\t<\/div>\n\t\t\t\t<div class=\"elementor-element elementor-element-02b819b sc_fly_static elementor-widget elementor-widget-spacer\" data-id=\"02b819b\" data-element_type=\"widget\" data-e-type=\"widget\" data-widget_type=\"spacer.default\">\n\t\t\t\t<div class=\"elementor-widget-container\">\n\t\t\t\t\t\t\t<div class=\"elementor-spacer\">\n\t\t\t<div class=\"elementor-spacer-inner\"><\/div>\n\t\t<\/div>\n\t\t\t\t\t\t<\/div>\n\t\t\t\t<\/div>\n\t\t\t\t<div class=\"elementor-element elementor-element-24a5c83 sc_fly_static elementor-widget elementor-widget-text-editor\" data-id=\"24a5c83\" data-element_type=\"widget\" data-e-type=\"widget\" data-widget_type=\"text-editor.default\">\n\t\t\t\t<div class=\"elementor-widget-container\">\n\t\t\t\t\t\t\t\t\t<p>For each of its events, Explore.Brussels offers <strong>guided tours adapted for people with disabilities<\/strong> through its Explore + program. <br>Discover our selection of tours tailored to different types of disabilities via the links below.<\/p>\t\t\t\t\t\t\t\t<\/div>\n\t\t\t\t<\/div>\n\t\t\t\t\t<\/div>\n\t\t\t\t<\/div>\n\t\t<div class=\"elementor-element elementor-element-6bf0bcc e-flex e-con-boxed sc_layouts_column_icons_position_left e-con e-parent\" data-id=\"6bf0bcc\" data-element_type=\"container\" data-e-type=\"container\">\n\t\t\t\t\t<div class=\"e-con-inner\">\n\t\t\t\t<div class=\"elementor-element elementor-element-ba3fcdf elementor-widget-divider--view-line sc_fly_static elementor-widget elementor-widget-divider\" data-id=\"ba3fcdf\" data-element_type=\"widget\" data-e-type=\"widget\" data-widget_type=\"divider.default\">\n\t\t\t\t<div class=\"elementor-widget-container\">\n\t\t\t\t\t\t\t<div class=\"elementor-divider\">\n\t\t\t<span class=\"elementor-divider-separator\">\n\t\t\t\t\t\t<\/span>\n\t\t<\/div>\n\t\t\t\t\t\t<\/div>\n\t\t\t\t<\/div>\n\t\t\t\t\t<\/div>\n\t\t\t\t<\/div>\n\t\t<div class=\"elementor-element elementor-element-f0c9917 e-grid e-con-boxed sc_layouts_column_icons_position_left e-con e-parent\" data-id=\"f0c9917\" data-element_type=\"container\" data-e-type=\"container\">\n\t\t\t\t\t<div class=\"e-con-inner\">\n\t\t\t\t<div class=\"elementor-element elementor-element-f8e60d0 elementor-align-justify sc_fly_static elementor-widget elementor-widget-button\" data-id=\"f8e60d0\" data-element_type=\"widget\" data-e-type=\"widget\" data-widget_type=\"button.default\">\n\t\t\t\t<div class=\"elementor-widget-container\">\n\t\t\t\t\t\t\t\t\t<div class=\"elementor-button-wrapper\">\n\t\t\t\t\t<a class=\"elementor-button elementor-button-link elementor-size-sm\" href=\"https:\/\/www.banad.brussels\/en\/mental-disability\/\" target=\"_blank\" rel=\"noopener\">\n\t\t\t\t\t\t<span class=\"elementor-button-content-wrapper\">\n\t\t\t\t\t\t\t\t\t<span class=\"elementor-button-text\">Tours for visitors with cognitive or intellectual disabilities <\/span>\n\t\t\t\t\t<\/span>\n\t\t\t\t\t<\/a>\n\t\t\t\t<\/div>\n\t\t\t\t\t\t\t\t<\/div>\n\t\t\t\t<\/div>\n\t\t\t\t<div class=\"elementor-element elementor-element-4aa18c6 elementor-align-justify sc_fly_static elementor-widget elementor-widget-button\" data-id=\"4aa18c6\" data-element_type=\"widget\" data-e-type=\"widget\" data-widget_type=\"button.default\">\n\t\t\t\t<div class=\"elementor-widget-container\">\n\t\t\t\t\t\t\t\t\t<div class=\"elementor-button-wrapper\">\n\t\t\t\t\t<a class=\"elementor-button elementor-button-link elementor-size-sm\" href=\"https:\/\/www.banad.brussels\/en\/blind-and-partially-sighted-people\/\" target=\"_blank\" rel=\"noopener\">\n\t\t\t\t\t\t<span class=\"elementor-button-content-wrapper\">\n\t\t\t\t\t\t\t\t\t<span class=\"elementor-button-text\">Tours adapted for blind and visually impaired visitors (only in Dutch or French)<\/span>\n\t\t\t\t\t<\/span>\n\t\t\t\t\t<\/a>\n\t\t\t\t<\/div>\n\t\t\t\t\t\t\t\t<\/div>\n\t\t\t\t<\/div>\n\t\t\t\t<div class=\"elementor-element elementor-element-e4070fc elementor-align-justify sc_fly_static elementor-widget elementor-widget-button\" data-id=\"e4070fc\" data-element_type=\"widget\" data-e-type=\"widget\" data-widget_type=\"button.default\">\n\t\t\t\t<div class=\"elementor-widget-container\">\n\t\t\t\t\t\t\t\t\t<div class=\"elementor-button-wrapper\">\n\t\t\t\t\t<a class=\"elementor-button elementor-button-link elementor-size-sm\" href=\"https:\/\/www.banad.brussels\/en\/lsfb\/\" target=\"_blank\" rel=\"noopener\">\n\t\t\t\t\t\t<span class=\"elementor-button-content-wrapper\">\n\t\t\t\t\t\t\t\t\t<span class=\"elementor-button-text\">Tours in sign language (LSFB)<\/span>\n\t\t\t\t\t<\/span>\n\t\t\t\t\t<\/a>\n\t\t\t\t<\/div>\n\t\t\t\t\t\t\t\t<\/div>\n\t\t\t\t<\/div>\n\t\t\t\t<div class=\"elementor-element elementor-element-2385580 elementor-align-justify sc_fly_static elementor-widget elementor-widget-button\" data-id=\"2385580\" data-element_type=\"widget\" data-e-type=\"widget\" data-widget_type=\"button.default\">\n\t\t\t\t<div class=\"elementor-widget-container\">\n\t\t\t\t\t\t\t\t\t<div class=\"elementor-button-wrapper\">\n\t\t\t\t\t<a class=\"elementor-button elementor-button-link elementor-size-sm\" href=\"https:\/\/www.banad.brussels\/en\/autism-spectrum\/\" target=\"_blank\" rel=\"noopener\">\n\t\t\t\t\t\t<span class=\"elementor-button-content-wrapper\">\n\t\t\t\t\t\t\t\t\t<span class=\"elementor-button-text\">Tours adapted for visitors on the qutism spectrum<\/span>\n\t\t\t\t\t<\/span>\n\t\t\t\t\t<\/a>\n\t\t\t\t<\/div>\n\t\t\t\t\t\t\t\t<\/div>\n\t\t\t\t<\/div>\n\t\t\t\t\t<\/div>\n\t\t\t\t<\/div>\n\t\t<div class=\"elementor-element elementor-element-0c551f5 e-flex e-con-boxed sc_layouts_column_icons_position_left e-con e-parent\" data-id=\"0c551f5\" data-element_type=\"container\" data-e-type=\"container\">\n\t\t\t\t\t<div class=\"e-con-inner\">\n\t\t\t\t<div class=\"elementor-element elementor-element-43ae94d sc_fly_static elementor-widget elementor-widget-spacer\" data-id=\"43ae94d\" data-element_type=\"widget\" data-e-type=\"widget\" data-widget_type=\"spacer.default\">\n\t\t\t\t<div class=\"elementor-widget-container\">\n\t\t\t\t\t\t\t<div class=\"elementor-spacer\">\n\t\t\t<div class=\"elementor-spacer-inner\"><\/div>\n\t\t<\/div>\n\t\t\t\t\t\t<\/div>\n\t\t\t\t<\/div>\n\t\t\t\t\t<\/div>\n\t\t\t\t<\/div>\n\t\t<div class=\"elementor-element elementor-element-3231363 e-flex e-con-boxed sc_layouts_column_icons_position_left e-con e-parent\" data-id=\"3231363\" data-element_type=\"container\" data-e-type=\"container\">\n\t\t\t\t\t<div class=\"e-con-inner\">\n\t\t<div class=\"elementor-element elementor-element-d99ce34 e-con-full e-flex sc_layouts_column_icons_position_left e-con e-child\" data-id=\"d99ce34\" data-element_type=\"container\" data-e-type=\"container\">\n\t\t\t\t<div class=\"elementor-element elementor-element-70ef880 elementor-align-justify sc_fly_static elementor-widget elementor-widget-button\" data-id=\"70ef880\" data-element_type=\"widget\" data-e-type=\"widget\" data-widget_type=\"button.default\">\n\t\t\t\t<div class=\"elementor-widget-container\">\n\t\t\t\t\t\t\t\t\t<div class=\"elementor-button-wrapper\">\n\t\t\t\t\t<a class=\"elementor-button elementor-button-link elementor-size-sm\" href=\"https:\/\/www.banad.brussels\/en\/individual-tours\/?e-filter-cb8575b-cpt_portfolio_group=pmr\" target=\"_blank\" rel=\"noopener\">\n\t\t\t\t\t\t<span class=\"elementor-button-content-wrapper\">\n\t\t\t\t\t\t\t\t\t<span class=\"elementor-button-text\">Tours accessible to people with reduced mobility<\/span>\n\t\t\t\t\t<\/span>\n\t\t\t\t\t<\/a>\n\t\t\t\t<\/div>\n\t\t\t\t\t\t\t\t<\/div>\n\t\t\t\t<\/div>\n\t\t\t\t<\/div>\n\t\t\t\t\t<\/div>\n\t\t\t\t<\/div>\n\t\t<div class=\"elementor-element elementor-element-75f563a e-flex e-con-boxed sc_layouts_column_icons_position_left e-con e-parent\" data-id=\"75f563a\" data-element_type=\"container\" data-e-type=\"container\">\n\t\t\t\t\t<div class=\"e-con-inner\">\n\t\t\t\t<div class=\"elementor-element elementor-element-7085a82 elementor-widget-divider--view-line sc_fly_static elementor-widget elementor-widget-divider\" data-id=\"7085a82\" data-element_type=\"widget\" data-e-type=\"widget\" data-widget_type=\"divider.default\">\n\t\t\t\t<div class=\"elementor-widget-container\">\n\t\t\t\t\t\t\t<div class=\"elementor-divider\">\n\t\t\t<span class=\"elementor-divider-separator\">\n\t\t\t\t\t\t<\/span>\n\t\t<\/div>\n\t\t\t\t\t\t<\/div>\n\t\t\t\t<\/div>\n\t\t\t\t<div class=\"elementor-element elementor-element-a6a9419 sc_fly_static elementor-widget elementor-widget-heading\" data-id=\"a6a9419\" data-element_type=\"widget\" data-e-type=\"widget\" data-widget_type=\"heading.default\">\n\t\t\t\t<div class=\"elementor-widget-container\">\n\t\t\t\t\t<h3 class=\"elementor-heading-title elementor-size-default\">Contact<\/h3>\t\t\t\t<\/div>\n\t\t\t\t<\/div>\n\t\t<div class=\"elementor-element elementor-element-b5303a1 e-con-full e-flex sc_layouts_column_icons_position_left e-con e-child\" data-id=\"b5303a1\" data-element_type=\"container\" data-e-type=\"container\">\n\t\t<div class=\"elementor-element elementor-element-05e1ac8 e-con-full e-flex sc_layouts_column_icons_position_left e-con e-child\" data-id=\"05e1ac8\" data-element_type=\"container\" data-e-type=\"container\">\n\t\t\t\t<div class=\"elementor-element elementor-element-06c816b sc_fly_static elementor-widget elementor-widget-image\" data-id=\"06c816b\" data-element_type=\"widget\" data-e-type=\"widget\" data-widget_type=\"image.default\">\n\t\t\t\t<div class=\"elementor-widget-container\">\n\t\t\t\t\t\t\t\t\t\t\t\t\t\t\t<img decoding=\"async\" width=\"960\" height=\"960\" src=\"https:\/\/www.banad.brussels\/wp-content\/uploads\/2025\/09\/louison-cuvelier.jpg\" class=\"attachment-large size-large wp-image-63202\" alt=\"\" srcset=\"https:\/\/www.banad.brussels\/wp-content\/uploads\/2025\/09\/louison-cuvelier.jpg 960w, https:\/\/www.banad.brussels\/wp-content\/uploads\/2025\/09\/louison-cuvelier-300x300.jpg 300w, https:\/\/www.banad.brussels\/wp-content\/uploads\/2025\/09\/louison-cuvelier-150x150.jpg 150w, https:\/\/www.banad.brussels\/wp-content\/uploads\/2025\/09\/louison-cuvelier-768x768.jpg 768w, https:\/\/www.banad.brussels\/wp-content\/uploads\/2025\/09\/louison-cuvelier-12x12.jpg 12w, https:\/\/www.banad.brussels\/wp-content\/uploads\/2025\/09\/louison-cuvelier-370x370.jpg 370w, https:\/\/www.banad.brussels\/wp-content\/uploads\/2025\/09\/louison-cuvelier-120x120.jpg 120w, https:\/\/www.banad.brussels\/wp-content\/uploads\/2025\/09\/louison-cuvelier-840x840.jpg 840w, https:\/\/www.banad.brussels\/wp-content\/uploads\/2025\/09\/louison-cuvelier-410x410.jpg 410w\" sizes=\"(max-width: 960px) 100vw, 960px\" \/>\t\t\t\t\t\t\t\t\t\t\t\t\t\t\t<\/div>\n\t\t\t\t<\/div>\n\t\t\t\t<\/div>\n\t\t<div class=\"elementor-element elementor-element-e7812d5 e-con-full e-flex sc_layouts_column_icons_position_left e-con e-child\" data-id=\"e7812d5\" data-element_type=\"container\" data-e-type=\"container\">\n\t\t\t\t<div class=\"elementor-element elementor-element-b4a9163 sc_fly_static elementor-widget elementor-widget-text-editor\" data-id=\"b4a9163\" data-element_type=\"widget\" data-e-type=\"widget\" data-widget_type=\"text-editor.default\">\n\t\t\t\t<div class=\"elementor-widget-container\">\n\t\t\t\t\t\t\t\t\t<p>Louison Cuvelier<\/p><p><a href=\"mailto:louison@explore.brussels\">louison@explore.brussels<\/a><\/p><p>+32 456 01 21 45<\/p>\t\t\t\t\t\t\t\t<\/div>\n\t\t\t\t<\/div>\n\t\t\t\t<\/div>\n\t\t<div class=\"elementor-element elementor-element-d7660e6 e-con-full e-flex sc_layouts_column_icons_position_left e-con e-child\" data-id=\"d7660e6\" data-element_type=\"container\" data-e-type=\"container\">\n\t\t\t\t<div class=\"elementor-element elementor-element-456e4e3 sc_fly_static elementor-widget elementor-widget-text-editor\" data-id=\"456e4e3\" data-element_type=\"widget\" data-e-type=\"widget\" data-widget_type=\"text-editor.default\">\n\t\t\t\t<div class=\"elementor-widget-container\">\n\t\t\t\t\t\t\t\t\t<p>Willem Maes<\/p><p><a href=\"mailto:willem@explore.brussels\">willem@explore.brussels<\/a><\/p><p>+32 477 43 50 41<\/p>\t\t\t\t\t\t\t\t<\/div>\n\t\t\t\t<\/div>\n\t\t\t\t<\/div>\n\t\t<div class=\"elementor-element elementor-element-e5ed445 e-con-full e-flex sc_layouts_column_icons_position_left e-con e-child\" data-id=\"e5ed445\" data-element_type=\"container\" data-e-type=\"container\">\n\t\t\t\t<div class=\"elementor-element elementor-element-28e593d sc_fly_static elementor-widget elementor-widget-image\" data-id=\"28e593d\" data-element_type=\"widget\" data-e-type=\"widget\" data-widget_type=\"image.default\">\n\t\t\t\t<div class=\"elementor-widget-container\">\n\t\t\t\t\t\t\t\t\t\t\t\t\t\t\t<img decoding=\"async\" width=\"500\" height=\"500\" src=\"https:\/\/www.banad.brussels\/wp-content\/uploads\/2025\/09\/willem_maes.jpg\" class=\"attachment-large size-large wp-image-63180\" alt=\"\" srcset=\"https:\/\/www.banad.brussels\/wp-content\/uploads\/2025\/09\/willem_maes.jpg 500w, https:\/\/www.banad.brussels\/wp-content\/uploads\/2025\/09\/willem_maes-300x300.jpg 300w, https:\/\/www.banad.brussels\/wp-content\/uploads\/2025\/09\/willem_maes-150x150.jpg 150w, https:\/\/www.banad.brussels\/wp-content\/uploads\/2025\/09\/willem_maes-12x12.jpg 12w, https:\/\/www.banad.brussels\/wp-content\/uploads\/2025\/09\/willem_maes-370x370.jpg 370w, https:\/\/www.banad.brussels\/wp-content\/uploads\/2025\/09\/willem_maes-120x120.jpg 120w, https:\/\/www.banad.brussels\/wp-content\/uploads\/2025\/09\/willem_maes-410x410.jpg 410w\" sizes=\"(max-width: 600px) 100vw, 500px\" \/>\t\t\t\t\t\t\t\t\t\t\t\t\t\t\t<\/div>\n\t\t\t\t<\/div>\n\t\t\t\t<\/div>\n\t\t\t\t<\/div>\n\t\t\t\t<div class=\"elementor-element elementor-element-cec40e5 elementor-widget-divider--view-line sc_fly_static elementor-widget elementor-widget-divider\" data-id=\"cec40e5\" data-element_type=\"widget\" data-e-type=\"widget\" data-widget_type=\"divider.default\">\n\t\t\t\t<div class=\"elementor-widget-container\">\n\t\t\t\t\t\t\t<div class=\"elementor-divider\">\n\t\t\t<span class=\"elementor-divider-separator\">\n\t\t\t\t\t\t<\/span>\n\t\t<\/div>\n\t\t\t\t\t\t<\/div>\n\t\t\t\t<\/div>\n\t\t\t\t\t<\/div>\n\t\t\t\t<\/div>\n\t\t<div class=\"elementor-element elementor-element-edf8085 e-flex e-con-boxed sc_layouts_column_icons_position_left e-con e-parent\" data-id=\"edf8085\" data-element_type=\"container\" data-e-type=\"container\">\n\t\t\t\t\t<div class=\"e-con-inner\">\n\t\t\t\t<div class=\"elementor-element elementor-element-a41bbf7 sc_fly_static elementor-widget elementor-widget-spacer\" data-id=\"a41bbf7\" data-element_type=\"widget\" data-e-type=\"widget\" data-widget_type=\"spacer.default\">\n\t\t\t\t<div class=\"elementor-widget-container\">\n\t\t\t\t\t\t\t<div class=\"elementor-spacer\">\n\t\t\t<div class=\"elementor-spacer-inner\"><\/div>\n\t\t<\/div>\n\t\t\t\t\t\t<\/div>\n\t\t\t\t<\/div>\n\t\t\t\t\t<\/div>\n\t\t\t\t<\/div>\n\t\t\t\t<\/div>","protected":false},"excerpt":{"rendered":"<p>Pour chacun de ses \u00e9v\u00e8nements, Explore.Brussels propose des visites guid\u00e9es adapt\u00e9es aux personnes porteuses d\u2019un&hellip;<\/p>","protected":false},"author":3,"featured_media":0,"parent":0,"menu_order":0,"comment_status":"closed","ping_status":"closed","template":"","meta":{"_analytify_skip_tracking":false,"footnotes":""},"class_list":["post-63193","page","type-page","status-publish","hentry"],"_links":{"self":[{"href":"https:\/\/www.banad.brussels\/en\/wp-json\/wp\/v2\/pages\/63193","targetHints":{"allow":["GET"]}}],"collection":[{"href":"https:\/\/www.banad.brussels\/en\/wp-json\/wp\/v2\/pages"}],"about":[{"href":"https:\/\/www.banad.brussels\/en\/wp-json\/wp\/v2\/types\/page"}],"author":[{"embeddable":true,"href":"https:\/\/www.banad.brussels\/en\/wp-json\/wp\/v2\/users\/3"}],"replies":[{"embeddable":true,"href":"https:\/\/www.banad.brussels\/en\/wp-json\/wp\/v2\/comments?post=63193"}],"version-history":[{"count":105,"href":"https:\/\/www.banad.brussels\/en\/wp-json\/wp\/v2\/pages\/63193\/revisions"}],"predecessor-version":[{"id":71234,"href":"https:\/\/www.banad.brussels\/en\/wp-json\/wp\/v2\/pages\/63193\/revisions\/71234"}],"wp:attachment":[{"href":"https:\/\/www.banad.brussels\/en\/wp-json\/wp\/v2\/media?parent=63193"}],"curies":[{"name":"wp","href":"https:\/\/api.w.org\/{rel}","templated":true}]}}