{"id":63239,"date":"2025-09-01T15:23:12","date_gmt":"2025-09-01T13:23:12","guid":{"rendered":"https:\/\/banad.brussels\/?page_id=63239"},"modified":"2026-02-16T15:10:10","modified_gmt":"2026-02-16T14:10:10","slug":"lsfb","status":"publish","type":"page","link":"https:\/\/www.banad.brussels\/en\/explore-plus\/lsfb\/","title":{"rendered":"Visits in sign language (only in LSFB or VGT)"},"content":{"rendered":"<div data-elementor-type=\"wp-page\" data-elementor-id=\"63239\" class=\"elementor elementor-63239\" data-elementor-post-type=\"page\">\n\t\t\t\t<div class=\"elementor-element elementor-element-41d480b e-flex e-con-boxed sc_layouts_column_icons_position_left e-con e-parent\" data-id=\"41d480b\" data-element_type=\"container\" data-e-type=\"container\">\n\t\t\t\t\t<div class=\"e-con-inner\">\n\t\t\t\t<div class=\"elementor-element elementor-element-42c9ce0 sc_fly_static elementor-widget elementor-widget-image\" data-id=\"42c9ce0\" data-element_type=\"widget\" data-e-type=\"widget\" data-widget_type=\"image.default\">\n\t\t\t\t<div class=\"elementor-widget-container\">\n\t\t\t\t\t\t\t\t\t\t\t\t\t\t\t<img fetchpriority=\"high\" decoding=\"async\" width=\"1024\" height=\"162\" src=\"https:\/\/www.banad.brussels\/wp-content\/uploads\/2026\/01\/EXPLORE--1024x162.png\" class=\"attachment-large size-large wp-image-67916\" alt=\"ANTE Festival Brussels, arts, creativity, festival culture, entertainment, musical shows, exhibitions, conviviality.\" srcset=\"https:\/\/www.banad.brussels\/wp-content\/uploads\/2026\/01\/EXPLORE--1024x162.png 1024w, https:\/\/www.banad.brussels\/wp-content\/uploads\/2026\/01\/EXPLORE--300x47.png 300w, https:\/\/www.banad.brussels\/wp-content\/uploads\/2026\/01\/EXPLORE--768x122.png 768w, https:\/\/www.banad.brussels\/wp-content\/uploads\/2026\/01\/EXPLORE--1536x243.png 1536w, https:\/\/www.banad.brussels\/wp-content\/uploads\/2026\/01\/EXPLORE--2048x324.png 2048w, https:\/\/www.banad.brussels\/wp-content\/uploads\/2026\/01\/EXPLORE--18x3.png 18w, https:\/\/www.banad.brussels\/wp-content\/uploads\/2026\/01\/EXPLORE--370x59.png 370w, https:\/\/www.banad.brussels\/wp-content\/uploads\/2026\/01\/EXPLORE--840x133.png 840w, https:\/\/www.banad.brussels\/wp-content\/uploads\/2026\/01\/EXPLORE--410x65.png 410w\" sizes=\"(max-width: 1024px) 100vw, 1024px\" \/>\t\t\t\t\t\t\t\t\t\t\t\t\t\t\t<\/div>\n\t\t\t\t<\/div>\n\t\t\t\t<div class=\"elementor-element elementor-element-ba3fcdf elementor-widget-divider--view-line sc_fly_static elementor-widget elementor-widget-divider\" data-id=\"ba3fcdf\" data-element_type=\"widget\" data-e-type=\"widget\" data-widget_type=\"divider.default\">\n\t\t\t\t<div class=\"elementor-widget-container\">\n\t\t\t\t\t\t\t<div class=\"elementor-divider\">\n\t\t\t<span class=\"elementor-divider-separator\">\n\t\t\t\t\t\t<\/span>\n\t\t<\/div>\n\t\t\t\t\t\t<\/div>\n\t\t\t\t<\/div>\n\t\t\t\t<div class=\"elementor-element elementor-element-87bc396 sc_fly_static elementor-widget elementor-widget-heading\" data-id=\"87bc396\" data-element_type=\"widget\" data-e-type=\"widget\" data-no-translation=\"\" data-widget_type=\"heading.default\">\n\t\t\t\t<div class=\"elementor-widget-container\">\n\t\t\t\t\t<h2 class=\"elementor-heading-title elementor-size-default\">Guided Tours in Sign Language\n<br>(only in French LSFB and Dutch VGT)<\/h2>\t\t\t\t<\/div>\n\t\t\t\t<\/div>\n\t\t\t\t<div class=\"elementor-element elementor-element-0a0eda9 sc_fly_static elementor-widget elementor-widget-spacer\" data-id=\"0a0eda9\" data-element_type=\"widget\" data-e-type=\"widget\" data-widget_type=\"spacer.default\">\n\t\t\t\t<div class=\"elementor-widget-container\">\n\t\t\t\t\t\t\t<div class=\"elementor-spacer\">\n\t\t\t<div class=\"elementor-spacer-inner\"><\/div>\n\t\t<\/div>\n\t\t\t\t\t\t<\/div>\n\t\t\t\t<\/div>\n\t\t\t\t\t<\/div>\n\t\t\t\t<\/div>\n\t\t<div class=\"elementor-element elementor-element-ec503d4 sc_layouts_hide_on_mobile e-flex e-con-boxed sc_layouts_column_icons_position_left e-con e-parent\" data-id=\"ec503d4\" data-element_type=\"container\" data-e-type=\"container\">\n\t\t\t\t\t<div class=\"e-con-inner\">\n\t\t\t\t\t<\/div>\n\t\t\t\t<\/div>\n\t\t<div class=\"elementor-element elementor-element-3ddf173 sc_layouts_hide_on_wide sc_layouts_hide_on_desktop sc_layouts_hide_on_notebook sc_layouts_hide_on_tablet e-flex e-con-boxed sc_layouts_column_icons_position_left e-con e-parent\" data-id=\"3ddf173\" data-element_type=\"container\" data-e-type=\"container\">\n\t\t\t\t\t<div class=\"e-con-inner\">\n\t\t\t\t\t<\/div>\n\t\t\t\t<\/div>\n\t\t<div class=\"elementor-element elementor-element-edf8085 e-flex e-con-boxed sc_layouts_column_icons_position_left e-con e-parent\" data-id=\"edf8085\" data-element_type=\"container\" data-e-type=\"container\">\n\t\t\t\t\t<div class=\"e-con-inner\">\n\t\t\t\t<div class=\"elementor-element elementor-element-a41bbf7 sc_fly_static elementor-widget elementor-widget-spacer\" data-id=\"a41bbf7\" data-element_type=\"widget\" data-e-type=\"widget\" data-widget_type=\"spacer.default\">\n\t\t\t\t<div class=\"elementor-widget-container\">\n\t\t\t\t\t\t\t<div class=\"elementor-spacer\">\n\t\t\t<div class=\"elementor-spacer-inner\"><\/div>\n\t\t<\/div>\n\t\t\t\t\t\t<\/div>\n\t\t\t\t<\/div>\n\t\t\t\t\t<\/div>\n\t\t\t\t<\/div>\n\t\t\t\t<\/div>","protected":false},"excerpt":{"rendered":"<p>Visite guid\u00e9e de l&#8217;H\u00f4tel Riez en langue des signes (LSFB) Dimanche 15 mars \u00e0 13h00&hellip;<\/p>","protected":false},"author":3,"featured_media":0,"parent":63193,"menu_order":3,"comment_status":"closed","ping_status":"closed","template":"","meta":{"_analytify_skip_tracking":false,"footnotes":""},"class_list":["post-63239","page","type-page","status-publish","hentry"],"_links":{"self":[{"href":"https:\/\/www.banad.brussels\/en\/wp-json\/wp\/v2\/pages\/63239","targetHints":{"allow":["GET"]}}],"collection":[{"href":"https:\/\/www.banad.brussels\/en\/wp-json\/wp\/v2\/pages"}],"about":[{"href":"https:\/\/www.banad.brussels\/en\/wp-json\/wp\/v2\/types\/page"}],"author":[{"embeddable":true,"href":"https:\/\/www.banad.brussels\/en\/wp-json\/wp\/v2\/users\/3"}],"replies":[{"embeddable":true,"href":"https:\/\/www.banad.brussels\/en\/wp-json\/wp\/v2\/comments?post=63239"}],"version-history":[{"count":142,"href":"https:\/\/www.banad.brussels\/en\/wp-json\/wp\/v2\/pages\/63239\/revisions"}],"predecessor-version":[{"id":70844,"href":"https:\/\/www.banad.brussels\/en\/wp-json\/wp\/v2\/pages\/63239\/revisions\/70844"}],"up":[{"embeddable":true,"href":"https:\/\/www.banad.brussels\/en\/wp-json\/wp\/v2\/pages\/63193"}],"wp:attachment":[{"href":"https:\/\/www.banad.brussels\/en\/wp-json\/wp\/v2\/media?parent=63239"}],"curies":[{"name":"wp","href":"https:\/\/api.w.org\/{rel}","templated":true}]}}