{"id":44879,"date":"2023-09-26T19:45:48","date_gmt":"2023-09-26T19:45:48","guid":{"rendered":"https:\/\/banad.brussels\/?page_id=44879"},"modified":"2026-02-03T11:18:46","modified_gmt":"2026-02-03T10:18:46","slug":"concept","status":"publish","type":"page","link":"https:\/\/www.banad.brussels\/nl\/concept\/","title":{"rendered":"Concept"},"content":{"rendered":"<div data-elementor-type=\"wp-page\" data-elementor-id=\"44879\" class=\"elementor elementor-44879\" data-elementor-post-type=\"page\">\n\t\t\t\t\t\t<section class=\"elementor-section elementor-top-section elementor-element elementor-element-b54047b elementor-section-boxed elementor-section-height-default elementor-section-height-default sc_fly_static\" data-id=\"b54047b\" data-element_type=\"section\" data-e-type=\"section\">\n\t\t\t\t\t\t<div class=\"elementor-container elementor-column-gap-extended\">\n\t\t\t\t\t<div class=\"elementor-column elementor-col-100 elementor-top-column elementor-element elementor-element-3f1be51 sc_content_align_inherit sc_layouts_column_icons_position_left sc_fly_static\" data-id=\"3f1be51\" data-element_type=\"column\" data-e-type=\"column\">\n\t\t\t<div class=\"elementor-widget-wrap elementor-element-populated\">\n\t\t\t\t\t\t<div class=\"elementor-element elementor-element-15c9d9f sc_fly_static elementor-widget elementor-widget-spacer\" data-id=\"15c9d9f\" data-element_type=\"widget\" data-e-type=\"widget\" data-widget_type=\"spacer.default\">\n\t\t\t\t<div class=\"elementor-widget-container\">\n\t\t\t\t\t\t\t<div class=\"elementor-spacer\">\n\t\t\t<div class=\"elementor-spacer-inner\"><\/div>\n\t\t<\/div>\n\t\t\t\t\t\t<\/div>\n\t\t\t\t<\/div>\n\t\t\t\t\t<\/div>\n\t\t<\/div>\n\t\t\t\t\t<\/div>\n\t\t<\/section>\n\t\t<div class=\"elementor-element elementor-element-05f14ab e-flex e-con-boxed sc_layouts_column_icons_position_left e-con e-parent\" data-id=\"05f14ab\" data-element_type=\"container\" data-e-type=\"container\">\n\t\t\t\t\t<div class=\"e-con-inner\">\n\t\t<div class=\"elementor-element elementor-element-9f49ff4 e-con-full e-flex sc_layouts_column_icons_position_left e-con e-child\" data-id=\"9f49ff4\" data-element_type=\"container\" data-e-type=\"container\">\n\t\t\t\t<div class=\"elementor-element elementor-element-55f3c1a sc_fly_static elementor-widget elementor-widget-video\" data-id=\"55f3c1a\" data-element_type=\"widget\" data-e-type=\"widget\" data-settings=\"{&quot;youtube_url&quot;:&quot;https:\\\/\\\/youtu.be\\\/accrNsgU0og&quot;,&quot;video_type&quot;:&quot;youtube&quot;,&quot;controls&quot;:&quot;yes&quot;}\" data-widget_type=\"video.default\">\n\t\t\t\t<div class=\"elementor-widget-container\">\n\t\t\t\t\t\t\t<div class=\"elementor-wrapper elementor-open-inline\">\n\t\t\t<div class=\"elementor-video\"><\/div>\t\t<\/div>\n\t\t\t\t\t\t<\/div>\n\t\t\t\t<\/div>\n\t\t\t\t<\/div>\n\t\t<div class=\"elementor-element elementor-element-86b9bf9 e-con-full e-flex sc_layouts_column_icons_position_left e-con e-child\" data-id=\"86b9bf9\" data-element_type=\"container\" data-e-type=\"container\">\n\t\t\t\t<div class=\"elementor-element elementor-element-6ced4a5 sc_fly_static elementor-widget elementor-widget-heading\" data-id=\"6ced4a5\" data-element_type=\"widget\" data-e-type=\"widget\" data-widget_type=\"heading.default\">\n\t\t\t\t<div class=\"elementor-widget-container\">\n\t\t\t\t\t<h2 class=\"elementor-heading-title elementor-size-default\">Brussels Art Nouveau Art Deco Festival 2026<\/h2>\t\t\t\t<\/div>\n\t\t\t\t<\/div>\n\t\t\t\t<div class=\"elementor-element elementor-element-aace52e sc_fly_static elementor-widget elementor-widget-spacer\" data-id=\"aace52e\" data-element_type=\"widget\" data-e-type=\"widget\" data-widget_type=\"spacer.default\">\n\t\t\t\t<div class=\"elementor-widget-container\">\n\t\t\t\t\t\t\t<div class=\"elementor-spacer\">\n\t\t\t<div class=\"elementor-spacer-inner\"><\/div>\n\t\t<\/div>\n\t\t\t\t\t\t<\/div>\n\t\t\t\t<\/div>\n\t\t\t\t<div class=\"elementor-element elementor-element-15fc84d sc_fly_static elementor-widget elementor-widget-text-editor\" data-id=\"15fc84d\" data-element_type=\"widget\" data-e-type=\"widget\" data-widget_type=\"text-editor.default\">\n\t\t\t\t<div class=\"elementor-widget-container\">\n\t\t\t\t\t\t\t\t\t<p>De tiende editie van het Brussels Art Nouveau Art Deco Festival vindt plaats tijdens drie weekends, van 14 tot 29 maart 2026. Het BANAD Festival is een uitnodiging om uitzonderlijke interieurs te ontdekken die de Art Nouveau en Art Deco architectuur van het Brusselse Gewest onthullen.<\/p><p>Op het programma: rondleidingen in een zestigtal interieurs die gewoonlijk gesloten zijn voor het publiek (sommige voor de allereerste keer geopend), een twintigtal thematische rondleidingen die te voet of met de fiets gevolgd kunnen worden, originele lezingen, activiteiten voor iedereen en voor het hele gezin, en tenslotte de beroemde Objecten- en erfgoedrestaurateursbeurs.<\/p>\t\t\t\t\t\t\t\t<\/div>\n\t\t\t\t<\/div>\n\t\t\t\t<\/div>\n\t\t\t\t\t<\/div>\n\t\t\t\t<\/div>\n\t\t<div class=\"elementor-element elementor-element-68c5975 e-flex e-con-boxed sc_layouts_column_icons_position_left e-con e-parent\" data-id=\"68c5975\" data-element_type=\"container\" data-e-type=\"container\">\n\t\t\t\t\t<div class=\"e-con-inner\">\n\t\t\t\t<div class=\"elementor-element elementor-element-9104ef1 sc_layouts_hide_on_mobile sc_fly_static elementor-widget elementor-widget-spacer\" data-id=\"9104ef1\" data-element_type=\"widget\" data-e-type=\"widget\" data-widget_type=\"spacer.default\">\n\t\t\t\t<div class=\"elementor-widget-container\">\n\t\t\t\t\t\t\t<div class=\"elementor-spacer\">\n\t\t\t<div class=\"elementor-spacer-inner\"><\/div>\n\t\t<\/div>\n\t\t\t\t\t\t<\/div>\n\t\t\t\t<\/div>\n\t\t\t\t<div class=\"elementor-element elementor-element-5323a47 sc_layouts_hide_on_wide sc_layouts_hide_on_desktop sc_layouts_hide_on_notebook sc_layouts_hide_on_tablet sc_fly_static elementor-widget elementor-widget-spacer\" data-id=\"5323a47\" data-element_type=\"widget\" data-e-type=\"widget\" data-widget_type=\"spacer.default\">\n\t\t\t\t<div class=\"elementor-widget-container\">\n\t\t\t\t\t\t\t<div class=\"elementor-spacer\">\n\t\t\t<div class=\"elementor-spacer-inner\"><\/div>\n\t\t<\/div>\n\t\t\t\t\t\t<\/div>\n\t\t\t\t<\/div>\n\t\t\t\t\t<\/div>\n\t\t\t\t<\/div>\n\t\t<div class=\"elementor-element elementor-element-2a81054 e-flex e-con-boxed sc_layouts_column_icons_position_left e-con e-parent\" data-id=\"2a81054\" data-element_type=\"container\" data-e-type=\"container\" data-settings=\"{&quot;background_background&quot;:&quot;classic&quot;}\">\n\t\t\t\t\t<div class=\"e-con-inner\">\n\t\t<div class=\"elementor-element elementor-element-201f5bc e-con-full e-flex sc_layouts_column_icons_position_left e-con e-child\" data-id=\"201f5bc\" data-element_type=\"container\" data-e-type=\"container\">\n\t\t\t\t<div class=\"elementor-element elementor-element-d17d71a sc_fly_static elementor-widget elementor-widget-heading\" data-id=\"d17d71a\" data-element_type=\"widget\" data-e-type=\"widget\" data-widget_type=\"heading.default\">\n\t\t\t\t<div class=\"elementor-widget-container\">\n\t\t\t\t\t<h2 class=\"elementor-heading-title elementor-size-default\">Organisatoren<\/h2>\t\t\t\t<\/div>\n\t\t\t\t<\/div>\n\t\t\t\t<div class=\"elementor-element elementor-element-e3166a3 sc_fly_static elementor-widget elementor-widget-spacer\" data-id=\"e3166a3\" data-element_type=\"widget\" data-e-type=\"widget\" data-widget_type=\"spacer.default\">\n\t\t\t\t<div class=\"elementor-widget-container\">\n\t\t\t\t\t\t\t<div class=\"elementor-spacer\">\n\t\t\t<div class=\"elementor-spacer-inner\"><\/div>\n\t\t<\/div>\n\t\t\t\t\t\t<\/div>\n\t\t\t\t<\/div>\n\t\t\t\t<div class=\"elementor-element elementor-element-4369a20 sc_fly_static elementor-widget elementor-widget-text-editor\" data-id=\"4369a20\" data-element_type=\"widget\" data-e-type=\"widget\" data-widget_type=\"text-editor.default\">\n\t\t\t\t<div class=\"elementor-widget-container\">\n\t\t\t\t\t\t\t\t\t<p>Het BANAD Festival wordt georganiseerd door Explore.Brussels en haar lidverenigingen: <b>ARAU<\/b>, <b>Arkadia<\/b>, <b>Brussel Babbelt<\/b> en <b>Pro Velo<\/b>.<\/p><p>Voor de gelegenheid werkt dit netwerk van verenigingen die rondleidingen organiseren samen met een aantal partners die actief zijn op het gebied van Art Nouveau en Art Deco in Brussel, Belgi\u00eb en in het buitenland om deze twee architecturale stromingen in de schijnwerpers te zetten.<\/p>\t\t\t\t\t\t\t\t<\/div>\n\t\t\t\t<\/div>\n\t\t\t\t<\/div>\n\t\t<div class=\"elementor-element elementor-element-1efdc8f e-con-full e-flex sc_layouts_column_icons_position_left e-con e-child\" data-id=\"1efdc8f\" data-element_type=\"container\" data-e-type=\"container\">\n\t\t<div class=\"elementor-element elementor-element-6c76734 e-grid e-con-full sc_layouts_column_icons_position_left e-con e-child\" data-id=\"6c76734\" data-element_type=\"container\" data-e-type=\"container\">\n\t\t\t\t<div class=\"elementor-element elementor-element-5105128 sc_fly_static elementor-widget elementor-widget-image\" data-id=\"5105128\" data-element_type=\"widget\" data-e-type=\"widget\" data-widget_type=\"image.default\">\n\t\t\t\t<div class=\"elementor-widget-container\">\n\t\t\t\t\t\t\t\t\t\t\t\t\t\t\t\t<a href=\"https:\/\/www.arau.org\/\" target=\"_blank\" rel=\"noopener\">\n\t\t\t\t\t\t\t<img fetchpriority=\"high\" decoding=\"async\" width=\"300\" height=\"171\" src=\"https:\/\/www.banad.brussels\/wp-content\/uploads\/2025\/11\/arau-1-300x171.png\" class=\"attachment-medium size-medium wp-image-64860\" alt=\"ANTE Festival Brussel, cultureel evenement, stadsmuziek, straatkunst en openluchtspektakel.\" srcset=\"https:\/\/www.banad.brussels\/wp-content\/uploads\/2025\/11\/arau-1-300x171.png 300w, https:\/\/www.banad.brussels\/wp-content\/uploads\/2025\/11\/arau-1-18x10.png 18w, https:\/\/www.banad.brussels\/wp-content\/uploads\/2025\/11\/arau-1-370x210.png 370w, https:\/\/www.banad.brussels\/wp-content\/uploads\/2025\/11\/arau-1-410x233.png 410w, https:\/\/www.banad.brussels\/wp-content\/uploads\/2025\/11\/arau-1.png 450w\" sizes=\"(max-width: 300px) 100vw, 300px\" \/>\t\t\t\t\t\t\t\t<\/a>\n\t\t\t\t\t\t\t\t\t\t\t\t\t\t\t<\/div>\n\t\t\t\t<\/div>\n\t\t\t\t<div class=\"elementor-element elementor-element-aeb3d61 sc_fly_static elementor-widget elementor-widget-image\" data-id=\"aeb3d61\" data-element_type=\"widget\" data-e-type=\"widget\" data-widget_type=\"image.default\">\n\t\t\t\t<div class=\"elementor-widget-container\">\n\t\t\t\t\t\t\t\t\t\t\t\t\t\t\t\t<a href=\"https:\/\/arkadia.be\" target=\"_blank\" rel=\"noopener\">\n\t\t\t\t\t\t\t<img decoding=\"async\" width=\"300\" height=\"67\" src=\"https:\/\/www.banad.brussels\/wp-content\/uploads\/2025\/11\/arkadia-1-300x67.png\" class=\"attachment-medium size-medium wp-image-64857\" alt=\"Beleef het ANT\u00c9 Festival in Brussel, live muziek en unieke culturele evenementen.\" srcset=\"https:\/\/www.banad.brussels\/wp-content\/uploads\/2025\/11\/arkadia-1-300x67.png 300w, https:\/\/www.banad.brussels\/wp-content\/uploads\/2025\/11\/arkadia-1-18x4.png 18w, https:\/\/www.banad.brussels\/wp-content\/uploads\/2025\/11\/arkadia-1-370x83.png 370w, https:\/\/www.banad.brussels\/wp-content\/uploads\/2025\/11\/arkadia-1-410x92.png 410w, https:\/\/www.banad.brussels\/wp-content\/uploads\/2025\/11\/arkadia-1.png 450w\" sizes=\"(max-width: 300px) 100vw, 300px\" \/>\t\t\t\t\t\t\t\t<\/a>\n\t\t\t\t\t\t\t\t\t\t\t\t\t\t\t<\/div>\n\t\t\t\t<\/div>\n\t\t\t\t<div class=\"elementor-element elementor-element-a5ef5e4 sc_fly_static elementor-widget elementor-widget-image\" data-id=\"a5ef5e4\" data-element_type=\"widget\" data-e-type=\"widget\" data-widget_type=\"image.default\">\n\t\t\t\t<div class=\"elementor-widget-container\">\n\t\t\t\t\t\t\t\t\t\t\t\t\t\t\t\t<a href=\"https:\/\/www.bruxellesbavard.be\/\" target=\"_blank\" rel=\"noopener\">\n\t\t\t\t\t\t\t<img decoding=\"async\" width=\"300\" height=\"59\" src=\"https:\/\/www.banad.brussels\/wp-content\/uploads\/2025\/11\/bruxelles-bavard-1-300x59.png\" class=\"attachment-medium size-medium wp-image-64859\" alt=\"Beleef het ANT\u00c9 Festival in Brussel met muziek, kunst en cultuur in de open lucht.\" srcset=\"https:\/\/www.banad.brussels\/wp-content\/uploads\/2025\/11\/bruxelles-bavard-1-300x59.png 300w, https:\/\/www.banad.brussels\/wp-content\/uploads\/2025\/11\/bruxelles-bavard-1-18x4.png 18w, https:\/\/www.banad.brussels\/wp-content\/uploads\/2025\/11\/bruxelles-bavard-1-370x72.png 370w, https:\/\/www.banad.brussels\/wp-content\/uploads\/2025\/11\/bruxelles-bavard-1-410x80.png 410w, https:\/\/www.banad.brussels\/wp-content\/uploads\/2025\/11\/bruxelles-bavard-1.png 450w\" sizes=\"(max-width: 300px) 100vw, 300px\" \/>\t\t\t\t\t\t\t\t<\/a>\n\t\t\t\t\t\t\t\t\t\t\t\t\t\t\t<\/div>\n\t\t\t\t<\/div>\n\t\t\t\t<div class=\"elementor-element elementor-element-4836356 sc_fly_static elementor-widget elementor-widget-image\" data-id=\"4836356\" data-element_type=\"widget\" data-e-type=\"widget\" data-widget_type=\"image.default\">\n\t\t\t\t<div class=\"elementor-widget-container\">\n\t\t\t\t\t\t\t\t\t\t\t\t\t\t\t\t<a href=\"https:\/\/www.provelo.org\/\" target=\"_blank\" rel=\"noopener\">\n\t\t\t\t\t\t\t<img loading=\"lazy\" decoding=\"async\" width=\"300\" height=\"66\" src=\"https:\/\/www.banad.brussels\/wp-content\/uploads\/2025\/11\/pro-velo-1-300x66.png\" class=\"attachment-medium size-medium wp-image-64858\" alt=\"ANTE Festival in Brussel, een bruisende sfeer van muziek, dans en stedelijke cultuur.\" srcset=\"https:\/\/www.banad.brussels\/wp-content\/uploads\/2025\/11\/pro-velo-1-300x66.png 300w, https:\/\/www.banad.brussels\/wp-content\/uploads\/2025\/11\/pro-velo-1-18x4.png 18w, https:\/\/www.banad.brussels\/wp-content\/uploads\/2025\/11\/pro-velo-1-370x81.png 370w, https:\/\/www.banad.brussels\/wp-content\/uploads\/2025\/11\/pro-velo-1-410x90.png 410w, https:\/\/www.banad.brussels\/wp-content\/uploads\/2025\/11\/pro-velo-1.png 450w\" sizes=\"(max-width: 300px) 100vw, 300px\" \/>\t\t\t\t\t\t\t\t<\/a>\n\t\t\t\t\t\t\t\t\t\t\t\t\t\t\t<\/div>\n\t\t\t\t<\/div>\n\t\t\t\t<\/div>\n\t\t\t\t<\/div>\n\t\t\t\t\t<\/div>\n\t\t\t\t<\/div>\n\t\t<div class=\"elementor-element elementor-element-5b09c22 e-flex e-con-boxed sc_layouts_column_icons_position_left e-con e-parent\" data-id=\"5b09c22\" data-element_type=\"container\" data-e-type=\"container\">\n\t\t\t\t\t<div class=\"e-con-inner\">\n\t\t\t\t<div class=\"elementor-element elementor-element-e9b5dd1 sc_height_small elementor-widget-divider--view-line sc_fly_static elementor-widget elementor-widget-divider\" data-id=\"e9b5dd1\" data-element_type=\"widget\" data-e-type=\"widget\" data-widget_type=\"divider.default\">\n\t\t\t\t<div class=\"elementor-widget-container\">\n\t\t\t\t\t\t\t<div class=\"elementor-divider\">\n\t\t\t<span class=\"elementor-divider-separator\">\n\t\t\t\t\t\t<\/span>\n\t\t<\/div>\n\t\t\t\t\t\t<\/div>\n\t\t\t\t<\/div>\n\t\t\t\t\t<\/div>\n\t\t\t\t<\/div>\n\t\t<div class=\"elementor-element elementor-element-60453aa e-flex e-con-boxed sc_layouts_column_icons_position_left e-con e-parent\" data-id=\"60453aa\" data-element_type=\"container\" data-e-type=\"container\">\n\t\t\t\t\t<div class=\"e-con-inner\">\n\t\t<div class=\"elementor-element elementor-element-084140d e-con-full e-flex sc_layouts_column_icons_position_left e-con e-child\" data-id=\"084140d\" data-element_type=\"container\" data-e-type=\"container\">\n\t\t\t\t<div class=\"elementor-element elementor-element-fc66839 sc_fly_static elementor-widget elementor-widget-video\" data-id=\"fc66839\" data-element_type=\"widget\" data-e-type=\"widget\" data-settings=\"{&quot;youtube_url&quot;:&quot;https:\\\/\\\/youtu.be\\\/AOB3Vc1xzpQ&quot;,&quot;video_type&quot;:&quot;youtube&quot;,&quot;controls&quot;:&quot;yes&quot;}\" data-widget_type=\"video.default\">\n\t\t\t\t<div class=\"elementor-widget-container\">\n\t\t\t\t\t\t\t<div class=\"elementor-wrapper elementor-open-inline\">\n\t\t\t<div class=\"elementor-video\"><\/div>\t\t<\/div>\n\t\t\t\t\t\t<\/div>\n\t\t\t\t<\/div>\n\t\t\t\t<\/div>\n\t\t<div class=\"elementor-element elementor-element-fc78f2f e-con-full e-flex sc_layouts_column_icons_position_left e-con e-child\" data-id=\"fc78f2f\" data-element_type=\"container\" data-e-type=\"container\">\n\t\t\t\t<div class=\"elementor-element elementor-element-b4151c3 sc_fly_static elementor-widget elementor-widget-heading\" data-id=\"b4151c3\" data-element_type=\"widget\" data-e-type=\"widget\" data-widget_type=\"heading.default\">\n\t\t\t\t<div class=\"elementor-widget-container\">\n\t\t\t\t\t<h2 class=\"elementor-heading-title elementor-size-default\">Art nouveau? <\/h2>\t\t\t\t<\/div>\n\t\t\t\t<\/div>\n\t\t\t\t<div class=\"elementor-element elementor-element-2e14d96 sc_fly_static elementor-widget elementor-widget-spacer\" data-id=\"2e14d96\" data-element_type=\"widget\" data-e-type=\"widget\" data-widget_type=\"spacer.default\">\n\t\t\t\t<div class=\"elementor-widget-container\">\n\t\t\t\t\t\t\t<div class=\"elementor-spacer\">\n\t\t\t<div class=\"elementor-spacer-inner\"><\/div>\n\t\t<\/div>\n\t\t\t\t\t\t<\/div>\n\t\t\t\t<\/div>\n\t\t\t\t<div class=\"elementor-element elementor-element-2803d98 sc_fly_static elementor-widget elementor-widget-text-editor\" data-id=\"2803d98\" data-element_type=\"widget\" data-e-type=\"widget\" data-widget_type=\"text-editor.default\">\n\t\t\t\t<div class=\"elementor-widget-container\">\n\t\t\t\t\t\t\t\t\t<p>Art nouveau ontstond aan het einde van de 19e eeuw. Het wordt gekenmerkt door creativiteit, gebogen lijnen, ritme, kleur en aandacht voor detail. Vandaag de dag is het een belangrijk onderdeel van het Brusselse architecturale erfgoed. Leer er meer over in 3 minuten in deze videoclip!<\/p><p>Spreker: Isabelle Vanderhoeven, gids en spreker<\/p><p>Productie: In2Out<\/p>\t\t\t\t\t\t\t\t<\/div>\n\t\t\t\t<\/div>\n\t\t\t\t<\/div>\n\t\t\t\t\t<\/div>\n\t\t\t\t<\/div>\n\t\t<div class=\"elementor-element elementor-element-5a5fab4 e-flex e-con-boxed sc_layouts_column_icons_position_left e-con e-parent\" data-id=\"5a5fab4\" data-element_type=\"container\" data-e-type=\"container\" data-settings=\"{&quot;background_background&quot;:&quot;classic&quot;}\">\n\t\t\t\t\t<div class=\"e-con-inner\">\n\t\t<div class=\"elementor-element elementor-element-5ef07dc e-con-full e-flex sc_layouts_column_icons_position_left e-con e-child\" data-id=\"5ef07dc\" data-element_type=\"container\" data-e-type=\"container\">\n\t\t\t\t<div class=\"elementor-element elementor-element-8cc7391 sc_fly_static elementor-widget elementor-widget-video\" data-id=\"8cc7391\" data-element_type=\"widget\" data-e-type=\"widget\" data-settings=\"{&quot;youtube_url&quot;:&quot;https:\\\/\\\/youtu.be\\\/mTD3Sy8YiPY&quot;,&quot;video_type&quot;:&quot;youtube&quot;,&quot;controls&quot;:&quot;yes&quot;}\" data-widget_type=\"video.default\">\n\t\t\t\t<div class=\"elementor-widget-container\">\n\t\t\t\t\t\t\t<div class=\"elementor-wrapper elementor-open-inline\">\n\t\t\t<div class=\"elementor-video\"><\/div>\t\t<\/div>\n\t\t\t\t\t\t<\/div>\n\t\t\t\t<\/div>\n\t\t\t\t<\/div>\n\t\t<div class=\"elementor-element elementor-element-a9a018f e-con-full e-flex sc_layouts_column_icons_position_left e-con e-child\" data-id=\"a9a018f\" data-element_type=\"container\" data-e-type=\"container\">\n\t\t\t\t<div class=\"elementor-element elementor-element-b4cab72 sc_fly_static elementor-widget elementor-widget-heading\" data-id=\"b4cab72\" data-element_type=\"widget\" data-e-type=\"widget\" data-widget_type=\"heading.default\">\n\t\t\t\t<div class=\"elementor-widget-container\">\n\t\t\t\t\t<h2 class=\"elementor-heading-title elementor-size-default\">Art deco? <\/h2>\t\t\t\t<\/div>\n\t\t\t\t<\/div>\n\t\t\t\t<div class=\"elementor-element elementor-element-ea0495e sc_fly_static elementor-widget elementor-widget-spacer\" data-id=\"ea0495e\" data-element_type=\"widget\" data-e-type=\"widget\" data-widget_type=\"spacer.default\">\n\t\t\t\t<div class=\"elementor-widget-container\">\n\t\t\t\t\t\t\t<div class=\"elementor-spacer\">\n\t\t\t<div class=\"elementor-spacer-inner\"><\/div>\n\t\t<\/div>\n\t\t\t\t\t\t<\/div>\n\t\t\t\t<\/div>\n\t\t\t\t<div class=\"elementor-element elementor-element-b7fd0bd sc_fly_static elementor-widget elementor-widget-text-editor\" data-id=\"b7fd0bd\" data-element_type=\"widget\" data-e-type=\"widget\" data-widget_type=\"text-editor.default\">\n\t\t\t\t<div class=\"elementor-widget-container\">\n\t\t\t\t\t\t\t\t\t<p>Art deco is een architectuurstroming uit het begin van de 20e eeuw die zich na de Eerste Wereldoorlog ontwikkelde. Het was een radicale breuk met de art nouveau door een soberdere, geometrische stijl voor te stellen. De nadruk lag op oppervlakken, volumes, symmetrie en contrasten. Brussel leverde een belangrijke bijdrage aan de internationale ontwikkeling van de art deco en de erfenis ervan leeft vandaag nog voort. Leer er meer over in 3 minuten in deze videoclip!<\/p><p>Spreker: Kris Clerckx, gids en spreker<\/p><p>Productie: In2Out<\/p>\t\t\t\t\t\t\t\t<\/div>\n\t\t\t\t<\/div>\n\t\t\t\t<\/div>\n\t\t\t\t\t<\/div>\n\t\t\t\t<\/div>\n\t\t\t\t<section class=\"elementor-section elementor-top-section elementor-element elementor-element-7fa9b0e8 elementor-section-boxed elementor-section-height-default elementor-section-height-default sc_fly_static\" data-id=\"7fa9b0e8\" data-element_type=\"section\" data-e-type=\"section\">\n\t\t\t\t\t\t<div class=\"elementor-container elementor-column-gap-extended\">\n\t\t\t\t\t<div class=\"elementor-column elementor-col-100 elementor-top-column elementor-element elementor-element-21014fc6 sc_content_align_inherit sc_layouts_column_icons_position_left sc_fly_static\" data-id=\"21014fc6\" data-element_type=\"column\" data-e-type=\"column\">\n\t\t\t<div class=\"elementor-widget-wrap elementor-element-populated\">\n\t\t\t\t\t\t<div class=\"elementor-element elementor-element-465ca842 sc_height_huge sc_fly_static elementor-widget elementor-widget-spacer\" data-id=\"465ca842\" data-element_type=\"widget\" data-e-type=\"widget\" data-widget_type=\"spacer.default\">\n\t\t\t\t<div class=\"elementor-widget-container\">\n\t\t\t\t\t\t\t<div class=\"elementor-spacer\">\n\t\t\t<div class=\"elementor-spacer-inner\"><\/div>\n\t\t<\/div>\n\t\t\t\t\t\t<\/div>\n\t\t\t\t<\/div>\n\t\t\t\t\t<\/div>\n\t\t<\/div>\n\t\t\t\t\t<\/div>\n\t\t<\/section>\n\t\t\t\t<\/div>","protected":false},"excerpt":{"rendered":"<p>Brussels Art Nouveau Art Deco Festival 2026 Incontournable \u00e9v\u00e8nement annuel se d\u00e9clinant sur trois week-ends,&hellip;<\/p>","protected":false},"author":1,"featured_media":0,"parent":0,"menu_order":0,"comment_status":"closed","ping_status":"closed","template":"","meta":{"_analytify_skip_tracking":false,"footnotes":""},"class_list":["post-44879","page","type-page","status-publish","hentry"],"_links":{"self":[{"href":"https:\/\/www.banad.brussels\/nl\/wp-json\/wp\/v2\/pages\/44879","targetHints":{"allow":["GET"]}}],"collection":[{"href":"https:\/\/www.banad.brussels\/nl\/wp-json\/wp\/v2\/pages"}],"about":[{"href":"https:\/\/www.banad.brussels\/nl\/wp-json\/wp\/v2\/types\/page"}],"author":[{"embeddable":true,"href":"https:\/\/www.banad.brussels\/nl\/wp-json\/wp\/v2\/users\/1"}],"replies":[{"embeddable":true,"href":"https:\/\/www.banad.brussels\/nl\/wp-json\/wp\/v2\/comments?post=44879"}],"version-history":[{"count":141,"href":"https:\/\/www.banad.brussels\/nl\/wp-json\/wp\/v2\/pages\/44879\/revisions"}],"predecessor-version":[{"id":70443,"href":"https:\/\/www.banad.brussels\/nl\/wp-json\/wp\/v2\/pages\/44879\/revisions\/70443"}],"wp:attachment":[{"href":"https:\/\/www.banad.brussels\/nl\/wp-json\/wp\/v2\/media?parent=44879"}],"curies":[{"name":"wp","href":"https:\/\/api.w.org\/{rel}","templated":true}]}}