{"id":62641,"date":"2025-08-27T16:05:41","date_gmt":"2025-08-27T14:05:41","guid":{"rendered":"https:\/\/banad.brussels\/?page_id=62641"},"modified":"2026-03-13T16:01:09","modified_gmt":"2026-03-13T15:01:09","slug":"druk-op","status":"publish","type":"page","link":"https:\/\/www.banad.brussels\/nl\/presse\/","title":{"rendered":"Pers"},"content":{"rendered":"\t\t<div data-elementor-type=\"wp-page\" data-elementor-id=\"62641\" class=\"elementor elementor-62641\" data-elementor-post-type=\"page\">\n\t\t\t\t\t\t<section class=\"elementor-section elementor-top-section elementor-element elementor-element-86f3592 elementor-section-boxed elementor-section-height-default elementor-section-height-default sc_fly_static\" data-id=\"86f3592\" data-element_type=\"section\" data-e-type=\"section\">\n\t\t\t\t\t\t<div class=\"elementor-container elementor-column-gap-extended\">\n\t\t\t\t\t<div class=\"elementor-column elementor-col-100 elementor-top-column elementor-element elementor-element-b41690d sc_content_align_inherit sc_layouts_column_icons_position_left sc_fly_static\" data-id=\"b41690d\" data-element_type=\"column\" data-e-type=\"column\">\n\t\t\t<div class=\"elementor-widget-wrap elementor-element-populated\">\n\t\t\t\t\t\t<div class=\"elementor-element elementor-element-90ad743 sc_fly_static elementor-widget elementor-widget-spacer\" data-id=\"90ad743\" data-element_type=\"widget\" data-e-type=\"widget\" data-widget_type=\"spacer.default\">\n\t\t\t\t<div class=\"elementor-widget-container\">\n\t\t\t\t\t\t\t<div class=\"elementor-spacer\">\n\t\t\t<div class=\"elementor-spacer-inner\"><\/div>\n\t\t<\/div>\n\t\t\t\t\t\t<\/div>\n\t\t\t\t<\/div>\n\t\t\t\t\t<\/div>\n\t\t<\/div>\n\t\t\t\t\t<\/div>\n\t\t<\/section>\n\t\t<div class=\"elementor-element elementor-element-35fcada e-flex e-con-boxed sc_layouts_column_icons_position_left e-con e-parent\" data-id=\"35fcada\" data-element_type=\"container\" data-e-type=\"container\">\n\t\t\t\t\t<div class=\"e-con-inner\">\n\t\t<div class=\"elementor-element elementor-element-73bf136 e-con-full e-flex sc_layouts_column_icons_position_left e-con e-child\" data-id=\"73bf136\" data-element_type=\"container\" data-e-type=\"container\">\n\t\t\t\t<div class=\"elementor-element elementor-element-858b6d0 sc_fly_static elementor-widget elementor-widget-heading\" data-id=\"858b6d0\" data-element_type=\"widget\" data-e-type=\"widget\" data-widget_type=\"heading.default\">\n\t\t\t\t<div class=\"elementor-widget-container\">\n\t\t\t\t\t<h2 class=\"elementor-heading-title elementor-size-default\">Dossiers de presse<\/h2>\t\t\t\t<\/div>\n\t\t\t\t<\/div>\n\t\t\t\t<div class=\"elementor-element elementor-element-5a26dbf sc_fly_static elementor-widget elementor-widget-spacer\" data-id=\"5a26dbf\" data-element_type=\"widget\" data-e-type=\"widget\" data-widget_type=\"spacer.default\">\n\t\t\t\t<div class=\"elementor-widget-container\">\n\t\t\t\t\t\t\t<div class=\"elementor-spacer\">\n\t\t\t<div class=\"elementor-spacer-inner\"><\/div>\n\t\t<\/div>\n\t\t\t\t\t\t<\/div>\n\t\t\t\t<\/div>\n\t\t\t\t<div class=\"elementor-element elementor-element-24305c9 sc_fly_static elementor-widget elementor-widget-text-editor\" data-id=\"24305c9\" data-element_type=\"widget\" data-e-type=\"widget\" data-widget_type=\"text-editor.default\">\n\t\t\t\t<div class=\"elementor-widget-container\">\n\t\t\t\t\t\t\t\t\t<p>Ch\u00e8r\u00b7e ami\u00b7e journaliste,<\/p><p>Merci de nous aider \u00e0 relayer l&#8217;information sur nos projets aupr\u00e8s du public !<\/p><p>Voici ci-dessous nos communiqu\u00e9s, nos dossiers de presse ainsi que les personnes qui pourront r\u00e9pondre \u00e0 vos demandes.<\/p>\t\t\t\t\t\t\t\t<\/div>\n\t\t\t\t<\/div>\n\t\t\t\t<div class=\"elementor-element elementor-element-aad2160 sc_fly_static elementor-widget elementor-widget-spacer\" data-id=\"aad2160\" data-element_type=\"widget\" data-e-type=\"widget\" data-widget_type=\"spacer.default\">\n\t\t\t\t<div class=\"elementor-widget-container\">\n\t\t\t\t\t\t\t<div class=\"elementor-spacer\">\n\t\t\t<div class=\"elementor-spacer-inner\"><\/div>\n\t\t<\/div>\n\t\t\t\t\t\t<\/div>\n\t\t\t\t<\/div>\n\t\t<div class=\"elementor-element elementor-element-aab7cb7 e-grid e-con-full sc_layouts_column_icons_position_left e-con e-child\" data-id=\"aab7cb7\" data-element_type=\"container\" data-e-type=\"container\">\n\t\t\t\t<div class=\"elementor-element elementor-element-681dc7d sc_fly_static elementor-widget elementor-widget-trx_widget_custom_links\" data-id=\"681dc7d\" data-element_type=\"widget\" data-e-type=\"widget\" data-widget_type=\"trx_widget_custom_links.default\">\n\t\t\t\t<div class=\"elementor-widget-container\">\n\t\t\t\t\t<div class=\"widget_area sc_widget_custom_links\"><aside class=\"widget widget_custom_links\"><ul class=\"custom_links_list\"><li class=\"custom_links_list_item custom_links_list_item_label_hover with_icon\"><a class=\"custom_links_list_item_link\" href=\"https:\/\/caracascom.com\/fr\/events\/banad-festival\/\" style=\"color:var(--e-global-color-1f8eed8) !important;\" target=\"_blank\" rel=\"noopener\"><span\t\t\t\t\t\t\tclass=\"custom_links_list_item_icon sc_icon_type_icons icon-camera-light\"\n\t\t\t\t\t\t><\/span><span class=\"custom_links_list_item_title\">Dossiers de presse<\/span><span class=\"custom_links_list_item_label\" style=\"border-color:var(--e-global-color-1f8eed8);background-color:var(--e-global-color-1f8eed8);\">Vers CARACAScom<\/span><\/a><\/li><\/ul><\/aside><\/div>\t\t\t\t<\/div>\n\t\t\t\t<\/div>\n\t\t\t\t<div class=\"elementor-element elementor-element-ca99422 sc_fly_static elementor-widget elementor-widget-trx_widget_custom_links\" data-id=\"ca99422\" data-element_type=\"widget\" data-e-type=\"widget\" data-widget_type=\"trx_widget_custom_links.default\">\n\t\t\t\t<div class=\"elementor-widget-container\">\n\t\t\t\t\t<div class=\"widget_area sc_widget_custom_links\"><aside class=\"widget widget_custom_links\"><ul class=\"custom_links_list\"><li class=\"custom_links_list_item custom_links_list_item_label_hover with_icon\"><a class=\"custom_links_list_item_link\" href=\"https:\/\/www.banad.brussels\/download\/326\/communiques-de-presse\/71416\/dp-banad_festival-2026-fr.pdf\" style=\"color:var(--e-global-color-1f8eed8) !important;\"><span\t\t\t\t\t\t\tclass=\"custom_links_list_item_icon sc_icon_type_icons icon-doc-light\"\n\t\t\t\t\t\t><\/span><span class=\"custom_links_list_item_title\">Communiqu\u00e9s de presse FR<\/span><span class=\"custom_links_list_item_label\" style=\"border-color:var(--e-global-color-1f8eed8);background-color:var(--e-global-color-1f8eed8);\">T\u00e9l\u00e9charger notre communiqu\u00e9 de presse<\/span><\/a><\/li><li class=\"custom_links_list_item custom_links_list_item_label_hover with_icon\"><a class=\"custom_links_list_item_link\" href=\"https:\/\/www.banad.brussels\/download\/326\/communiques-de-presse\/71417\/pd-banad_festival-2026-nl.pdf\" style=\"color:var(--e-global-color-1f8eed8) !important;\"><span\t\t\t\t\t\t\tclass=\"custom_links_list_item_icon sc_icon_type_icons icon-doc-light\"\n\t\t\t\t\t\t><\/span><span class=\"custom_links_list_item_title\">Communiqu\u00e9s de presse NL<\/span><span class=\"custom_links_list_item_label\" style=\"border-color:var(--e-global-color-1f8eed8);background-color:var(--e-global-color-1f8eed8);\">T\u00e9l\u00e9charger notre communiqu\u00e9 de presse<\/span><\/a><\/li><\/ul><\/aside><\/div>\t\t\t\t<\/div>\n\t\t\t\t<\/div>\n\t\t\t\t<\/div>\n\t\t\t\t<div class=\"elementor-element elementor-element-4eb5f3a sc_fly_static elementor-widget elementor-widget-spacer\" data-id=\"4eb5f3a\" data-element_type=\"widget\" data-e-type=\"widget\" data-widget_type=\"spacer.default\">\n\t\t\t\t<div class=\"elementor-widget-container\">\n\t\t\t\t\t\t\t<div class=\"elementor-spacer\">\n\t\t\t<div class=\"elementor-spacer-inner\"><\/div>\n\t\t<\/div>\n\t\t\t\t\t\t<\/div>\n\t\t\t\t<\/div>\n\t\t\t\t<\/div>\n\t\t<div class=\"elementor-element elementor-element-3cf27a7 e-con-full e-flex sc_layouts_column_icons_position_left e-con e-child\" data-id=\"3cf27a7\" data-element_type=\"container\" data-e-type=\"container\">\n\t\t\t\t<div class=\"elementor-element elementor-element-63aa6d7 sc_fly_static elementor-widget elementor-widget-heading\" data-id=\"63aa6d7\" data-element_type=\"widget\" data-e-type=\"widget\" data-widget_type=\"heading.default\">\n\t\t\t\t<div class=\"elementor-widget-container\">\n\t\t\t\t\t<h2 class=\"elementor-heading-title elementor-size-default\">Galerie Photo<\/h2>\t\t\t\t<\/div>\n\t\t\t\t<\/div>\n\t\t\t\t<div class=\"elementor-element elementor-element-9f69b9e sc_fly_static elementor-widget elementor-widget-spacer\" data-id=\"9f69b9e\" data-element_type=\"widget\" data-e-type=\"widget\" data-widget_type=\"spacer.default\">\n\t\t\t\t<div class=\"elementor-widget-container\">\n\t\t\t\t\t\t\t<div class=\"elementor-spacer\">\n\t\t\t<div class=\"elementor-spacer-inner\"><\/div>\n\t\t<\/div>\n\t\t\t\t\t\t<\/div>\n\t\t\t\t<\/div>\n\t\t\t\t<div class=\"elementor-element elementor-element-f9e47f9 elementor-arrows-position-inside elementor-pagination-position-outside sc_fly_static elementor-widget elementor-widget-image-carousel\" data-id=\"f9e47f9\" data-element_type=\"widget\" data-e-type=\"widget\" data-settings=\"{&quot;slides_to_show&quot;:&quot;1&quot;,&quot;navigation&quot;:&quot;both&quot;,&quot;autoplay&quot;:&quot;yes&quot;,&quot;pause_on_hover&quot;:&quot;yes&quot;,&quot;pause_on_interaction&quot;:&quot;yes&quot;,&quot;autoplay_speed&quot;:5000,&quot;infinite&quot;:&quot;yes&quot;,&quot;effect&quot;:&quot;slide&quot;,&quot;speed&quot;:500}\" data-widget_type=\"image-carousel.default\">\n\t\t\t\t<div class=\"elementor-widget-container\">\n\t\t\t\t\t\t\t<div class=\"elementor-image-carousel-wrapper swiper\" role=\"region\" aria-roledescription=\"carousel\" aria-label=\"Carrousel d\u2019images\" dir=\"ltr\">\n\t\t\t<div class=\"elementor-image-carousel swiper-wrapper\" aria-live=\"off\">\n\t\t\t\t\t\t\t\t<div class=\"swiper-slide\" role=\"group\" aria-roledescription=\"slide\" aria-label=\"1 van 7\"><figure class=\"swiper-slide-inner\"><img decoding=\"async\" class=\"swiper-slide-image\" src=\"https:\/\/www.banad.brussels\/wp-content\/uploads\/2025\/11\/hotel-riez-eb-sophie-voituron-2-at-2024-11-07.jpg\" alt=\"H\u00f4tel Riez 900 x 600\" \/><\/figure><\/div><div class=\"swiper-slide\" role=\"group\" aria-roledescription=\"slide\" aria-label=\"2 van 7\"><figure class=\"swiper-slide-inner\"><img decoding=\"async\" class=\"swiper-slide-image\" src=\"https:\/\/www.banad.brussels\/wp-content\/uploads\/2025\/08\/explore-brussels-presse-1.jpg\" alt=\"Maison moderne architecturale \u00e0 Bruxelles lors du Festival ANTE.\" \/><\/figure><\/div><div class=\"swiper-slide\" role=\"group\" aria-roledescription=\"slide\" aria-label=\"3 van 7\"><figure class=\"swiper-slide-inner\"><img decoding=\"async\" class=\"swiper-slide-image\" src=\"https:\/\/www.banad.brussels\/wp-content\/uploads\/2025\/11\/hotel-solvay-eb-sophie-voituron-1.jpg\" alt=\"H\u00f4tel Solvay 900 x 600\" \/><\/figure><\/div><div class=\"swiper-slide\" role=\"group\" aria-roledescription=\"slide\" aria-label=\"4 van 7\"><figure class=\"swiper-slide-inner\"><img decoding=\"async\" class=\"swiper-slide-image\" src=\"https:\/\/www.banad.brussels\/wp-content\/uploads\/2025\/08\/explore-brussels-presse-2.jpg\" alt=\"Porte d&#039;entr\u00e9e en bois avec vitrage artistique, fa\u00e7ade en briques rouges, architecture \u00e9l\u00e9gante, accueillante, design moderne, ANTE Festival Bruxelles, espace culturel.\" \/><\/figure><\/div><div class=\"swiper-slide\" role=\"group\" aria-roledescription=\"slide\" aria-label=\"5 van 7\"><figure class=\"swiper-slide-inner\"><img decoding=\"async\" class=\"swiper-slide-image\" src=\"https:\/\/www.banad.brussels\/wp-content\/uploads\/2025\/08\/explore-brussels-presse-3.jpg\" alt=\"Ancienne salle de l&#039;ANT\u00c9 Festival \u00e0 Bruxelles avec d\u00e9coration \u00e9l\u00e9gante et fen\u00eatres artistiques.\" \/><\/figure><\/div><div class=\"swiper-slide\" role=\"group\" aria-roledescription=\"slide\" aria-label=\"6 van 7\"><figure class=\"swiper-slide-inner\"><img decoding=\"async\" class=\"swiper-slide-image\" src=\"https:\/\/www.banad.brussels\/wp-content\/uploads\/2025\/08\/explore-brussels-presse-4.jpg\" alt=\"Vitrail color\u00e9 repr\u00e9sentant un paysage de montagnes et de nature, art stained glass festival.\" \/><\/figure><\/div><div class=\"swiper-slide\" role=\"group\" aria-roledescription=\"slide\" aria-label=\"7 van 7\"><figure class=\"swiper-slide-inner\"><img decoding=\"async\" class=\"swiper-slide-image\" src=\"https:\/\/www.banad.brussels\/wp-content\/uploads\/2025\/08\/explore-brussels-presse-6.jpg\" alt=\"Escalier \u00e9l\u00e9gant dans un d\u00e9cor Art Nouveau \u00e0 Bruxelles, au Festival ANTE.\" \/><\/figure><\/div>\t\t\t<\/div>\n\t\t\t\t\t\t\t\t\t\t\t\t<div class=\"elementor-swiper-button elementor-swiper-button-prev\" role=\"button\" tabindex=\"0\">\n\t\t\t\t\t\t<i aria-hidden=\"true\" class=\"eicon-chevron-left\"><\/i>\t\t\t\t\t<\/div>\n\t\t\t\t\t<div class=\"elementor-swiper-button elementor-swiper-button-next\" role=\"button\" tabindex=\"0\">\n\t\t\t\t\t\t<i aria-hidden=\"true\" class=\"eicon-chevron-right\"><\/i>\t\t\t\t\t<\/div>\n\t\t\t\t\n\t\t\t\t\t\t\t\t\t<div class=\"swiper-pagination\"><\/div>\n\t\t\t\t\t\t\t\t\t<\/div>\n\t\t\t\t\t\t<\/div>\n\t\t\t\t<\/div>\n\t\t\t\t<\/div>\n\t\t\t\t\t<\/div>\n\t\t\t\t<\/div>\n\t\t<div class=\"elementor-element elementor-element-6d019a6 e-flex e-con-boxed sc_layouts_column_icons_position_left e-con e-parent\" data-id=\"6d019a6\" data-element_type=\"container\" data-e-type=\"container\" data-settings=\"{&quot;background_background&quot;:&quot;classic&quot;}\">\n\t\t\t\t\t<div class=\"e-con-inner\">\n\t\t\t\t<div class=\"elementor-element elementor-element-f99bf9b elementor-widget-divider--view-line sc_fly_static elementor-widget elementor-widget-divider\" data-id=\"f99bf9b\" data-element_type=\"widget\" data-e-type=\"widget\" data-widget_type=\"divider.default\">\n\t\t\t\t<div class=\"elementor-widget-container\">\n\t\t\t\t\t\t\t<div class=\"elementor-divider\">\n\t\t\t<span class=\"elementor-divider-separator\">\n\t\t\t\t\t\t<\/span>\n\t\t<\/div>\n\t\t\t\t\t\t<\/div>\n\t\t\t\t<\/div>\n\t\t\t\t<div class=\"elementor-element elementor-element-84f8302 sc_fly_static elementor-widget elementor-widget-heading\" data-id=\"84f8302\" data-element_type=\"widget\" data-e-type=\"widget\" data-widget_type=\"heading.default\">\n\t\t\t\t<div class=\"elementor-widget-container\">\n\t\t\t\t\t<h3 class=\"elementor-heading-title elementor-size-default\">PersonneS de contact<\/h3>\t\t\t\t<\/div>\n\t\t\t\t<\/div>\n\t\t<div class=\"elementor-element elementor-element-6193363 e-con-full e-flex sc_layouts_column_icons_position_left e-con e-child\" data-id=\"6193363\" data-element_type=\"container\" data-e-type=\"container\">\n\t\t<div class=\"elementor-element elementor-element-192da7f e-con-full e-flex sc_layouts_column_icons_position_left e-con e-child\" data-id=\"192da7f\" data-element_type=\"container\" data-e-type=\"container\">\n\t\t\t\t<div class=\"elementor-element elementor-element-fd9fed0 sc_fly_static elementor-widget elementor-widget-image\" data-id=\"fd9fed0\" data-element_type=\"widget\" data-e-type=\"widget\" data-widget_type=\"image.default\">\n\t\t\t\t<div class=\"elementor-widget-container\">\n\t\t\t\t\t\t\t\t\t\t\t\t\t\t\t<img fetchpriority=\"high\" decoding=\"async\" width=\"958\" height=\"958\" src=\"https:\/\/www.banad.brussels\/wp-content\/uploads\/2025\/08\/Sandrine-Mossiat.jpg\" class=\"attachment-large size-large wp-image-62707\" alt=\"Sandrine Mossiat\" srcset=\"https:\/\/www.banad.brussels\/wp-content\/uploads\/2025\/08\/Sandrine-Mossiat.jpg 958w, https:\/\/www.banad.brussels\/wp-content\/uploads\/2025\/08\/Sandrine-Mossiat-300x300.jpg 300w, https:\/\/www.banad.brussels\/wp-content\/uploads\/2025\/08\/Sandrine-Mossiat-150x150.jpg 150w, https:\/\/www.banad.brussels\/wp-content\/uploads\/2025\/08\/Sandrine-Mossiat-768x768.jpg 768w, https:\/\/www.banad.brussels\/wp-content\/uploads\/2025\/08\/Sandrine-Mossiat-370x370.jpg 370w, https:\/\/www.banad.brussels\/wp-content\/uploads\/2025\/08\/Sandrine-Mossiat-120x120.jpg 120w, https:\/\/www.banad.brussels\/wp-content\/uploads\/2025\/08\/Sandrine-Mossiat-840x840.jpg 840w, https:\/\/www.banad.brussels\/wp-content\/uploads\/2025\/08\/Sandrine-Mossiat-410x410.jpg 410w\" sizes=\"(max-width: 958px) 100vw, 958px\" \/>\t\t\t\t\t\t\t\t\t\t\t\t\t\t\t<\/div>\n\t\t\t\t<\/div>\n\t\t\t\t<\/div>\n\t\t<div class=\"elementor-element elementor-element-fccb895 e-con-full e-flex sc_layouts_column_icons_position_left e-con e-child\" data-id=\"fccb895\" data-element_type=\"container\" data-e-type=\"container\">\n\t\t\t\t<div class=\"elementor-element elementor-element-4975b10 sc_fly_static elementor-widget elementor-widget-text-editor\" data-id=\"4975b10\" data-element_type=\"widget\" data-e-type=\"widget\" data-widget_type=\"text-editor.default\">\n\t\t\t\t<div class=\"elementor-widget-container\">\n\t\t\t\t\t\t\t\t\t<p>Sandrine Mossiat<\/p><p><a href=\"mailto:sandrine@explore.brussels\">sandrine@explore.brussels<\/a><\/p><p>+32 475 90 84 48<\/p>\t\t\t\t\t\t\t\t<\/div>\n\t\t\t\t<\/div>\n\t\t\t\t<\/div>\n\t\t<div class=\"elementor-element elementor-element-07fc73c e-con-full e-flex sc_layouts_column_icons_position_left e-con e-child\" data-id=\"07fc73c\" data-element_type=\"container\" data-e-type=\"container\">\n\t\t\t\t<div class=\"elementor-element elementor-element-4271597 sc_fly_static elementor-widget elementor-widget-text-editor\" data-id=\"4271597\" data-element_type=\"widget\" data-e-type=\"widget\" data-widget_type=\"text-editor.default\">\n\t\t\t\t<div class=\"elementor-widget-container\">\n\t\t\t\t\t\t\t\t\t<p>CARACAScom<\/p><p><a href=\"mailto:info@caracascom.com\">info@caracascom.com<\/a><\/p><p>+32 2 560 21 22<\/p>\t\t\t\t\t\t\t\t<\/div>\n\t\t\t\t<\/div>\n\t\t\t\t<\/div>\n\t\t<div class=\"elementor-element elementor-element-9032f79 e-con-full e-flex sc_layouts_column_icons_position_left e-con e-child\" data-id=\"9032f79\" data-element_type=\"container\" data-e-type=\"container\">\n\t\t\t\t<div class=\"elementor-element elementor-element-e52fbc1 sc_fly_static elementor-widget elementor-widget-image\" data-id=\"e52fbc1\" data-element_type=\"widget\" data-e-type=\"widget\" data-widget_type=\"image.default\">\n\t\t\t\t<div class=\"elementor-widget-container\">\n\t\t\t\t\t\t\t\t\t\t\t\t\t\t\t\t<a href=\"https:\/\/caracascom.com\/fr\/events\/banad-festival\/\" target=\"_blank\" rel=\"noopener\">\n\t\t\t\t\t\t\t<img decoding=\"async\" width=\"958\" height=\"958\" src=\"https:\/\/www.banad.brussels\/wp-content\/uploads\/2025\/08\/caracascom-logo.jpg\" class=\"attachment-large size-large wp-image-62791\" alt=\"CARACAScom\" srcset=\"https:\/\/www.banad.brussels\/wp-content\/uploads\/2025\/08\/caracascom-logo.jpg 958w, https:\/\/www.banad.brussels\/wp-content\/uploads\/2025\/08\/caracascom-logo-300x300.jpg 300w, https:\/\/www.banad.brussels\/wp-content\/uploads\/2025\/08\/caracascom-logo-150x150.jpg 150w, https:\/\/www.banad.brussels\/wp-content\/uploads\/2025\/08\/caracascom-logo-768x768.jpg 768w, https:\/\/www.banad.brussels\/wp-content\/uploads\/2025\/08\/caracascom-logo-370x370.jpg 370w, https:\/\/www.banad.brussels\/wp-content\/uploads\/2025\/08\/caracascom-logo-120x120.jpg 120w, https:\/\/www.banad.brussels\/wp-content\/uploads\/2025\/08\/caracascom-logo-840x840.jpg 840w, https:\/\/www.banad.brussels\/wp-content\/uploads\/2025\/08\/caracascom-logo-410x410.jpg 410w\" sizes=\"(max-width: 958px) 100vw, 958px\" \/>\t\t\t\t\t\t\t\t<\/a>\n\t\t\t\t\t\t\t\t\t\t\t\t\t\t\t<\/div>\n\t\t\t\t<\/div>\n\t\t\t\t<\/div>\n\t\t\t\t<\/div>\n\t\t<div class=\"elementor-element elementor-element-1981cab e-con-full e-flex sc_layouts_column_icons_position_left e-con e-child\" data-id=\"1981cab\" data-element_type=\"container\" data-e-type=\"container\">\n\t\t\t\t<div class=\"elementor-element elementor-element-012532b elementor-widget-divider--view-line sc_fly_static elementor-widget elementor-widget-divider\" data-id=\"012532b\" data-element_type=\"widget\" data-e-type=\"widget\" data-widget_type=\"divider.default\">\n\t\t\t\t<div class=\"elementor-widget-container\">\n\t\t\t\t\t\t\t<div class=\"elementor-divider\">\n\t\t\t<span class=\"elementor-divider-separator\">\n\t\t\t\t\t\t<\/span>\n\t\t<\/div>\n\t\t\t\t\t\t<\/div>\n\t\t\t\t<\/div>\n\t\t\t\t<div class=\"elementor-element elementor-element-c1890bb sc_fly_static elementor-widget elementor-widget-spacer\" data-id=\"c1890bb\" data-element_type=\"widget\" data-e-type=\"widget\" data-widget_type=\"spacer.default\">\n\t\t\t\t<div class=\"elementor-widget-container\">\n\t\t\t\t\t\t\t<div class=\"elementor-spacer\">\n\t\t\t<div class=\"elementor-spacer-inner\"><\/div>\n\t\t<\/div>\n\t\t\t\t\t\t<\/div>\n\t\t\t\t<\/div>\n\t\t\t\t<\/div>\n\t\t\t\t\t<\/div>\n\t\t\t\t<\/div>\n\t\t\t\t<section class=\"elementor-section elementor-top-section elementor-element elementor-element-d139538 elementor-section-boxed elementor-section-height-default elementor-section-height-default sc_fly_static\" data-id=\"d139538\" data-element_type=\"section\" data-e-type=\"section\">\n\t\t\t\t\t\t<div class=\"elementor-container elementor-column-gap-extended\">\n\t\t\t\t\t<div class=\"elementor-column elementor-col-100 elementor-top-column elementor-element elementor-element-a9c5434 sc_content_align_inherit sc_layouts_column_icons_position_left sc_fly_static\" data-id=\"a9c5434\" data-element_type=\"column\" data-e-type=\"column\">\n\t\t\t<div class=\"elementor-widget-wrap elementor-element-populated\">\n\t\t\t\t\t\t<div class=\"elementor-element elementor-element-dc8383c sc_height_huge sc_fly_static elementor-widget elementor-widget-spacer\" data-id=\"dc8383c\" data-element_type=\"widget\" data-e-type=\"widget\" data-widget_type=\"spacer.default\">\n\t\t\t\t<div class=\"elementor-widget-container\">\n\t\t\t\t\t\t\t<div class=\"elementor-spacer\">\n\t\t\t<div class=\"elementor-spacer-inner\"><\/div>\n\t\t<\/div>\n\t\t\t\t\t\t<\/div>\n\t\t\t\t<\/div>\n\t\t\t\t<div class=\"elementor-element elementor-element-9712f57 sc_fly_static elementor-widget elementor-widget-spacer\" data-id=\"9712f57\" data-element_type=\"widget\" data-e-type=\"widget\" data-widget_type=\"spacer.default\">\n\t\t\t\t<div class=\"elementor-widget-container\">\n\t\t\t\t\t\t\t<div class=\"elementor-spacer\">\n\t\t\t<div class=\"elementor-spacer-inner\"><\/div>\n\t\t<\/div>\n\t\t\t\t\t\t<\/div>\n\t\t\t\t<\/div>\n\t\t\t\t<div class=\"elementor-element elementor-element-0c4ba5f sc_fly_static elementor-widget elementor-widget-html\" data-id=\"0c4ba5f\" data-element_type=\"widget\" data-e-type=\"widget\" data-widget_type=\"html.default\">\n\t\t\t\t<div class=\"elementor-widget-container\">\n\t\t\t\t\t<script>\r\ndocument.addEventListener('DOMContentLoaded', function () {\r\n  document.querySelectorAll('.wpfd-single-file').forEach(function (wrapper) {\r\n    const titleLink =\r\n      wrapper.querySelector('.wpfd-file-content--title a, .wpfd-file-link, h5 a');\r\n\r\n    const previewLink =\r\n      wrapper.querySelector('.wpfdlightbox, .wpfd-previewlink, a[data-wpfdpreview]');\r\n\r\n    if (!titleLink || !previewLink) {\r\n      return;\r\n    }\r\n\r\n    let isPDF = false;\r\n\r\n    \/\/ 1) Check URL\r\n    const href = titleLink.getAttribute('href');\r\n    if (href && \/\\.pdf(\\?|$)\/i.test(href)) {\r\n      isPDF = true;\r\n    }\r\n\r\n    \/\/ 2) Fallback: check extension\/label\r\n    if (!isPDF) {\r\n      const extEl = wrapper.querySelector('.wpfd-file-ext, .wpfd-extension');\r\n      const nameEl = wrapper.querySelector('.wpfd-file-content--title, .wpfd-file-title');\r\n\r\n      if (extEl && \/pdf\/i.test(extEl.textContent)) {\r\n        isPDF = true;\r\n      } else if (nameEl && \/\\.pdf$\/i.test(nameEl.textContent.trim())) {\r\n        isPDF = true;\r\n      }\r\n    }\r\n\r\n    if (isPDF) {\r\n      \/\/ Ajout d'une classe pour le style visuel\r\n      titleLink.classList.add('wpfd-pdf-preview-title');\r\n\r\n      \/\/ Clic sur le titre = preview (lightbox)\r\n      titleLink.addEventListener('click', function (e) {\r\n        e.preventDefault();\r\n        previewLink.click();\r\n      });\r\n    }\r\n    \/\/ ZIP & co : pas touch\u00e9\r\n  });\r\n});\r\n<\/script>\t\t\t\t<\/div>\n\t\t\t\t<\/div>\n\t\t\t\t\t<\/div>\n\t\t<\/div>\n\t\t\t\t\t<\/div>\n\t\t<\/section>\n\t\t\t\t<\/div>\n\t\t","protected":false},"excerpt":{"rendered":"<p>Persmappen Beste journalistieke vriend, Bedankt dat je ons helpt informatie door te geven over onze...<\/p>","protected":false},"author":1,"featured_media":0,"parent":0,"menu_order":0,"comment_status":"closed","ping_status":"closed","template":"","meta":{"_analytify_skip_tracking":false,"footnotes":""},"class_list":["post-62641","page","type-page","status-publish","hentry"],"_links":{"self":[{"href":"https:\/\/www.banad.brussels\/nl\/wp-json\/wp\/v2\/pages\/62641","targetHints":{"allow":["GET"]}}],"collection":[{"href":"https:\/\/www.banad.brussels\/nl\/wp-json\/wp\/v2\/pages"}],"about":[{"href":"https:\/\/www.banad.brussels\/nl\/wp-json\/wp\/v2\/types\/page"}],"author":[{"embeddable":true,"href":"https:\/\/www.banad.brussels\/nl\/wp-json\/wp\/v2\/users\/1"}],"replies":[{"embeddable":true,"href":"https:\/\/www.banad.brussels\/nl\/wp-json\/wp\/v2\/comments?post=62641"}],"version-history":[{"count":85,"href":"https:\/\/www.banad.brussels\/nl\/wp-json\/wp\/v2\/pages\/62641\/revisions"}],"predecessor-version":[{"id":71420,"href":"https:\/\/www.banad.brussels\/nl\/wp-json\/wp\/v2\/pages\/62641\/revisions\/71420"}],"wp:attachment":[{"href":"https:\/\/www.banad.brussels\/nl\/wp-json\/wp\/v2\/media?parent=62641"}],"curies":[{"name":"wp","href":"https:\/\/api.w.org\/{rel}","templated":true}]}}